{"id":342622,"date":"2011-10-13T09:00:45","date_gmt":"2011-10-13T09:00:45","guid":{"rendered":"http:\/\/observatoriopolitico.pt\/politica-e-opiniao-publica\/"},"modified":"2025-11-12T16:23:37","modified_gmt":"2025-11-12T16:23:37","slug":"politica-e-opiniao-publica","status":"publish","type":"page","link":"https:\/\/observatoriopolitico.pt\/en\/politica-e-opiniao-publica\/","title":{"rendered":"Politics and Public Opinion"},"content":{"rendered":"<p>[et_pb_section fb_built=&#8221;1&#8243; custom_padding_last_edited=&#8221;on|phone&#8221; admin_label=&#8221;Simple Social Header &#8211; Diana &#8211; Section BG Image 1900&#215;483&#8243; module_class=&#8221;diana_simple_social_header diana_about_four_simple_social_header&#8221; _builder_version=&#8221;4.20.2&#8243; background_enable_color=&#8221;off&#8221; background_enable_image=&#8221;on&#8221; custom_padding=&#8221;100px||0px||false|false&#8221; custom_padding_tablet=&#8221;&#8221; custom_padding_phone=&#8221;50px||80px||false|false&#8221; background_last_edited=&#8221;on|phone&#8221; locked=&#8221;off&#8221; global_colors_info=&#8221;{}&#8221;][et_pb_row admin_label=&#8221;Simple Social Header &#8211; Diana &#8211; Row&#8221; _builder_version=&#8221;4.16&#8243; max_width=&#8221;1175px&#8221; module_alignment=&#8221;center&#8221; custom_padding=&#8221;||0px||false|false&#8221; use_custom_width=&#8221;on&#8221; custom_width_px=&#8221;1175px&#8221; global_colors_info=&#8221;{}&#8221;][et_pb_column type=&#8221;4_4&#8243; _builder_version=&#8221;4.16&#8243; global_colors_info=&#8221;{}&#8221; custom_padding__hover=&#8221;|||&#8221;][et_pb_text admin_label=&#8221;Simple Social Header &#8211; Diana &#8211; Title&#8221; _builder_version=&#8221;4.16&#8243; text_font=&#8221;Roboto||||||||&#8221; text_text_color=&#8221;#ffffff&#8221; text_font_size=&#8221;48px&#8221; text_line_height=&#8221;120%&#8221; header_font=&#8221;Lato|||on|||||&#8221; header_text_align=&#8221;left&#8221; header_text_color=&#8221;#ffffff&#8221; header_font_size=&#8221;35px&#8221; header_letter_spacing=&#8221;2px&#8221; vertical_offset_tablet=&#8221;0&#8243; horizontal_offset_tablet=&#8221;0&#8243; custom_margin=&#8221;||90px||false|false&#8221; custom_margin_tablet=&#8221;&#8221; custom_margin_phone=&#8221;||20px||false|false&#8221; custom_margin_last_edited=&#8221;on|phone&#8221; custom_padding=&#8221;||||false|false&#8221; text_font_size_tablet=&#8221;40px&#8221; text_font_size_phone=&#8221;30px&#8221; text_font_size_last_edited=&#8221;on|phone&#8221; z_index_tablet=&#8221;0&#8243; text_text_shadow_horizontal_length_tablet=&#8221;0px&#8221; text_text_shadow_vertical_length_tablet=&#8221;0px&#8221; text_text_shadow_blur_strength_tablet=&#8221;1px&#8221; link_text_shadow_horizontal_length_tablet=&#8221;0px&#8221; link_text_shadow_vertical_length_tablet=&#8221;0px&#8221; link_text_shadow_blur_strength_tablet=&#8221;1px&#8221; ul_text_shadow_horizontal_length_tablet=&#8221;0px&#8221; ul_text_shadow_vertical_length_tablet=&#8221;0px&#8221; ul_text_shadow_blur_strength_tablet=&#8221;1px&#8221; ol_text_shadow_horizontal_length_tablet=&#8221;0px&#8221; ol_text_shadow_vertical_length_tablet=&#8221;0px&#8221; ol_text_shadow_blur_strength_tablet=&#8221;1px&#8221; quote_text_shadow_horizontal_length_tablet=&#8221;0px&#8221; quote_text_shadow_vertical_length_tablet=&#8221;0px&#8221; quote_text_shadow_blur_strength_tablet=&#8221;1px&#8221; header_text_shadow_horizontal_length_tablet=&#8221;0px&#8221; header_text_shadow_vertical_length_tablet=&#8221;0px&#8221; header_text_shadow_blur_strength_tablet=&#8221;1px&#8221; header_2_text_shadow_horizontal_length_tablet=&#8221;0px&#8221; header_2_text_shadow_vertical_length_tablet=&#8221;0px&#8221; header_2_text_shadow_blur_strength_tablet=&#8221;1px&#8221; header_3_text_shadow_horizontal_length_tablet=&#8221;0px&#8221; header_3_text_shadow_vertical_length_tablet=&#8221;0px&#8221; header_3_text_shadow_blur_strength_tablet=&#8221;1px&#8221; header_4_text_shadow_horizontal_length_tablet=&#8221;0px&#8221; header_4_text_shadow_vertical_length_tablet=&#8221;0px&#8221; header_4_text_shadow_blur_strength_tablet=&#8221;1px&#8221; header_5_text_shadow_horizontal_length_tablet=&#8221;0px&#8221; header_5_text_shadow_vertical_length_tablet=&#8221;0px&#8221; header_5_text_shadow_blur_strength_tablet=&#8221;1px&#8221; header_6_text_shadow_horizontal_length_tablet=&#8221;0px&#8221; header_6_text_shadow_vertical_length_tablet=&#8221;0px&#8221; header_6_text_shadow_blur_strength_tablet=&#8221;1px&#8221; box_shadow_horizontal_tablet=&#8221;0px&#8221; box_shadow_vertical_tablet=&#8221;0px&#8221; box_shadow_blur_tablet=&#8221;40px&#8221; box_shadow_spread_tablet=&#8221;0px&#8221; global_colors_info=&#8221;{}&#8221;]<\/p>\n<h1>Politics and Public Opinion<\/h1>\n<p>[\/et_pb_text][\/et_pb_column][\/et_pb_row][\/et_pb_section][et_pb_section fb_built=&#8221;1&#8243; custom_padding_last_edited=&#8221;on|phone&#8221; admin_label=&#8221;Love This Content &#8211; Diana&#8221; _builder_version=&#8221;4.25.1&#8243; background_enable_color=&#8221;off&#8221; custom_padding=&#8221;50px|4px|50px||true|false&#8221; custom_padding_tablet=&#8221;40px||40px&#8221; custom_padding_phone=&#8221;20px||||false|false&#8221; background_enable_image_phone=&#8221;off&#8221; locked=&#8221;off&#8221; global_colors_info=&#8221;{}&#8221;][et_pb_row use_custom_gutter=&#8221;on&#8221; gutter_width=&#8221;1&#8243; _builder_version=&#8221;4.16&#8243; max_width=&#8221;1175px&#8221; custom_margin=&#8221;0px||0px||true|false&#8221; custom_padding=&#8221;0px||0px||true|false&#8221; use_custom_width=&#8221;on&#8221; custom_width_px=&#8221;1175px&#8221; global_colors_info=&#8221;{}&#8221;][et_pb_column type=&#8221;4_4&#8243; _builder_version=&#8221;4.16&#8243; global_colors_info=&#8221;{}&#8221; custom_padding__hover=&#8221;|||&#8221;][et_pb_image src=&#8221;https:\/\/observatoriopolitico.pt\/wp-content\/uploads\/2021\/11\/grupo_tordesillas.jpg&#8221; title_text=&#8221;grupo_tordesillas&#8221; url=&#8221;https:\/\/www.grupotordesillas.net\/pt\/&#8221; url_new_window=&#8221;on&#8221; align=&#8221;center&#8221; _builder_version=&#8221;4.16&#8243; _module_preset=&#8221;default&#8221; width=&#8221;68.2%&#8221; custom_margin=&#8221;0px||||false|false&#8221; custom_padding=&#8221;0px|0px|0px||false|false&#8221; global_colors_info=&#8221;{}&#8221;][\/et_pb_image][et_pb_text admin_label=&#8221;Love This Content &#8211; Diana &#8211; Text&#8221; _builder_version=&#8221;4.25.1&#8243; text_font=&#8221;Lato||||||||&#8221; text_text_color=&#8221;#212121&#8243; text_font_size=&#8221;17px&#8221; text_line_height=&#8221;180%&#8221; text_orientation=&#8221;justified&#8221; custom_padding=&#8221;9px|||||&#8221; hover_enabled=&#8221;0&#8243; global_colors_info=&#8221;{}&#8221; sticky_enabled=&#8221;0&#8243;]<\/p>\n<p><strong>POLITICS AND PUBLIC OPINION<\/strong><\/p>\n<p>A three-party programme between the Political Observatory, the Post-graduate Programme in Sociology of the University of G\u00f3ias (Brazil) and the Institute of Iberian Studies of the University of Salamanca (Spain), signed in the scope of the collaboration promoted by the Doctoral College of Tordesilhas.<\/p>\n<p><strong><a href=\"https:\/\/observatoriopolitico.pt\/wp-content\/uploads\/2021\/11\/participacao_opiniao_publica.pdf\">Project Download<\/a><\/strong><\/p>\n<p>In this project, the Professors involved are:<br \/>Denise Paiva Ferreira, from Brazil<br \/>Cristina Montalv\u00e3o Sarmento, from Portugal<br \/>Fl\u00e1vio Friendeberg, from Spain<\/p>\n<p>[\/et_pb_text][\/et_pb_column][\/et_pb_row][et_pb_row use_custom_gutter=&#8221;on&#8221; gutter_width=&#8221;1&#8243; _builder_version=&#8221;4.16&#8243; max_width=&#8221;1175px&#8221; custom_margin=&#8221;30px||30px||true|false&#8221; custom_padding=&#8221;0px||0px||true|false&#8221; use_custom_width=&#8221;on&#8221; custom_width_px=&#8221;1175px&#8221; global_colors_info=&#8221;{}&#8221;][et_pb_column type=&#8221;4_4&#8243; _builder_version=&#8221;4.16&#8243; global_colors_info=&#8221;{}&#8221; custom_padding__hover=&#8221;|||&#8221;][et_pb_text admin_label=&#8221;Love This Content &#8211; Diana &#8211; Text&#8221; _builder_version=&#8221;4.16&#8243; text_font=&#8221;Lato||||||||&#8221; text_text_color=&#8221;#212121&#8243; text_font_size=&#8221;17px&#8221; text_line_height=&#8221;180%&#8221; text_orientation=&#8221;justified&#8221; global_colors_info=&#8221;{}&#8221;]<\/p>\n<p><strong><a title=\"Grupo Tordesillas\" href=\"http:\/\/www.grupotordesillas.net\/\">Tordesillas Group<\/a><\/strong><\/p>\n<p>The Tordesillas Group was created at the I Meeting of Deans of the Universities of Brazil, Spain and Portugal, which\u00a0took place\u00a0in 2000 at\u00a0the host university \u2013 the University of Vallodolid,\u00a0located in the city of Tordesillas. The event\u00a0took place at the famous House of the Treaty, the place where the historical Treaty of Tordesillas was signed.<\/p>\n<p>Celebrating the 500<sup>th<\/sup><span>\u00a0<\/span>anniversary of the discovery of Brazil, the main event was to promote the collaboration between the three countries\u2019 universities in the areas of science and technology.\u00a0During the first meeting, the Ministers of Science and Technology from Brazil and Spain were present as well as Portugal\u2019s Secretary of State. The Tordesillas Group is currently composed of 28 universities from Brazil, 19 from Spain and 8 from Portugal. There\u00a0are 3 headquarters, one in each country: the Brazilian HQ is located at the Federal University of the State of Rio de Janeiro \u2013 UNIRIO, the Spanish HQ at the University of Vallodid \u2013 UVA and the Portuguese HQ at the University of Coimbra \u2013 UC and is sponsored by Santander Bank \u2013 Universities.<\/p>\n<p>At a preliminary stage, this program was signed by the Political Observatory, as a research unit of the New University of Lisbon, before the participation of the Doctoral College of Tordesillas was formalized in September 2010 by the same university. In November of the same year, Professor Cristina Montalv\u00e3o Sarmento travelled to Brazil and followed up with the contacts at the University of G\u00f3ias. She was present at the XII Meeting of the Tordesillas Group, which occurred from 17<sup>th<\/sup>-18<sup>th<\/sup><span>\u00a0<\/span>November 2011 at the University of Lisbon, in Portugal.<\/p>\n<p>[\/et_pb_text][\/et_pb_column][\/et_pb_row][\/et_pb_section][et_pb_section fb_built=&#8221;1&#8243; admin_label=&#8221;Glorious Footer &#8211; Diana&#8221; module_id=&#8221;diana_glorious_footer&#8221; module_class=&#8221;diana_glorious_footer&#8221; _builder_version=&#8221;4.25.1&#8243; background_color=&#8221;#5d87a2&#8243; min_height=&#8221;131px&#8221; custom_padding=&#8221;1%||1%||true|false&#8221; background_enable_image_phone=&#8221;off&#8221; custom_css_main_element=&#8221;overflow: hidden;&#8221; saved_tabs=&#8221;all&#8221; global_colors_info=&#8221;{}&#8221;][et_pb_row column_structure=&#8221;1_4,1_4,1_4,1_4&#8243; _builder_version=&#8221;4.16&#8243; _module_preset=&#8221;default&#8221; max_width=&#8221;1175px&#8221; module_alignment=&#8221;center&#8221; custom_padding=&#8221;5px||5px||true|false&#8221; global_colors_info=&#8221;{}&#8221;][et_pb_column type=&#8221;1_4&#8243; _builder_version=&#8221;4.16&#8243; _module_preset=&#8221;default&#8221; global_colors_info=&#8221;{}&#8221;][et_pb_image src=&#8221;https:\/\/observatoriopolitico.pt\/wp-content\/uploads\/2021\/11\/LOGO-OP-vrs-brancopreto.png&#8221; title_text=&#8221;LOGO OP-vrs-branco+preto&#8221; _builder_version=&#8221;4.16&#8243; _module_preset=&#8221;default&#8221; global_colors_info=&#8221;{}&#8221;][\/et_pb_image][et_pb_button button_url=&#8221;https:\/\/orcid.org\/0000-0001-7846-7987&#8243; url_new_window=&#8221;on&#8221; button_text=&#8221;Curriculum Vitae&#8221; button_alignment=&#8221;center&#8221; _builder_version=&#8221;4.16&#8243; _module_preset=&#8221;default&#8221; custom_button=&#8221;on&#8221; button_text_size=&#8221;17px&#8221; button_text_color=&#8221;#5D87A2&#8243; button_border_color=&#8221;#5D87A2&#8243; button_border_radius=&#8221;1px&#8221; button_font=&#8221;Montserrat|||on|||||&#8221; button_use_icon=&#8221;off&#8221; global_colors_info=&#8221;{}&#8221; button_text_color__hover_enabled=&#8221;on|hover&#8221; button_text_color__hover=&#8221;#FFFFFF&#8221; button_bg_color__hover_enabled=&#8221;on|hover&#8221; button_bg_color__hover=&#8221;#5D87A2&#8243; button_bg_enable_color__hover=&#8221;on&#8221;][\/et_pb_button][\/et_pb_column][et_pb_column type=&#8221;1_4&#8243; _builder_version=&#8221;4.16&#8243; _module_preset=&#8221;default&#8221; global_colors_info=&#8221;{}&#8221;][et_pb_blurb title=&#8221;Contacts&#8221; _builder_version=&#8221;4.16&#8243; _module_preset=&#8221;default&#8221; header_font=&#8221;Montserrat|600||on|||||&#8221; header_text_color=&#8221;#15243B&#8221; body_font=&#8221;Lato||||||||&#8221; body_text_align=&#8221;justify&#8221; body_text_color=&#8221;#EFEFEF&#8221; body_link_font=&#8221;Lato||||||||&#8221; body_link_text_color=&#8221;#EFEFEF&#8221; locked=&#8221;off&#8221; global_colors_info=&#8221;{}&#8221; body_link_text_color__hover=&#8221;#FFFFFF&#8221; body_link_text_color__hover_enabled=&#8221;on|desktop&#8221;]<\/p>\n<p>Rua\u00a0 D. Jo\u00e3o de Castro, 32-A<br \/>\u00a0Ajuda<br \/>1300-193 Lisboa<\/p>\n<p>38.7044987, -9.1904574<\/p>\n<p><a href=\"tel:+351213619430\">(+351) 21 363 05 77<\/a><\/p>\n<p><a href=\"mailto:geral@observatoriopolitico.pt\">geral@observatoriopolitico.pt<\/a><\/p>\n<p>[\/et_pb_blurb][\/et_pb_column][et_pb_column type=&#8221;1_4&#8243; _builder_version=&#8221;4.16&#8243; _module_preset=&#8221;default&#8221; global_colors_info=&#8221;{}&#8221;][et_pb_blurb title=&#8221;Projects&#8221; _builder_version=&#8221;4.25.1&#8243; _module_preset=&#8221;default&#8221; header_font=&#8221;Montserrat|600||on|||||&#8221; header_text_color=&#8221;#15243B&#8221; body_font=&#8221;Lato||||||||&#8221; body_text_align=&#8221;justify&#8221; body_text_color=&#8221;#EFEFEF&#8221; body_link_font=&#8221;Lato||||||||&#8221; body_link_text_color=&#8221;#EFEFEF&#8221; global_colors_info=&#8221;{}&#8221; body_link_text_color__hover_enabled=&#8221;on|desktop&#8221; body_link_text_color__hover=&#8221;#FFFFFF&#8221;]<\/p>\n<p><a href=\"https:\/\/rpcp.pt\/index.php\/rpcp\">Portuguese Journal of Political Science<\/a><\/p>\n<p><a href=\"https:\/\/observatoriopolitico.pt\/en\/repertorio-portugues-de-ciencia-politica\/\">Portuguese Repository of Political Science<\/a><\/p>\n<p><a href=\"https:\/\/observatoriopolitico.pt\/en\/working-papers\/\">Working Papers<\/a><\/p>\n<p>[\/et_pb_blurb][\/et_pb_column][et_pb_column type=&#8221;1_4&#8243; _builder_version=&#8221;4.16&#8243; _module_preset=&#8221;default&#8221; global_colors_info=&#8221;{}&#8221;][et_pb_blurb title=&#8221;Links&#8221; _builder_version=&#8221;4.16&#8243; _module_preset=&#8221;default&#8221; header_font=&#8221;Montserrat|600||on|||||&#8221; header_text_color=&#8221;#15243B&#8221; body_font=&#8221;Lato||||||||&#8221; body_text_align=&#8221;justify&#8221; body_text_color=&#8221;#EFEFEF&#8221; body_link_font=&#8221;Lato||||||||&#8221; body_link_text_color=&#8221;#EFEFEF&#8221; global_colors_info=&#8221;{}&#8221; body_link_text_color__hover=&#8221;#FFFFFF&#8221; body_link_text_color__hover_enabled=&#8221;on|desktop&#8221;]<a href=\"https:\/\/observatoriopolitico.pt\/en\/associe-se\/\">Become a member!<\/a><\/p>\n<p><a href=\"https:\/\/observatoriopolitico.pt\/en\/curricular-and-extracurricular-internships\/\">Internships@OP<\/a><\/p>\n<p><a href=\"https:\/\/observatoriopolitico.pt\/en\/privacy-policy\/\" target=\"_blank\" rel=\"noopener\">Privacy Policy<\/a><\/p>\n<p><a href=\"https:\/\/www.livroreclamacoes.pt\/INICIO\/\" target=\"_blank\" rel=\"noopener\">Complaints Book<\/a>[\/et_pb_blurb][\/et_pb_column][\/et_pb_row][\/et_pb_section][et_pb_section fb_built=&#8221;1&#8243; admin_label=&#8221;Glorious Footer &#8211; Diana&#8221; module_id=&#8221;diana_glorious_footer&#8221; module_class=&#8221;diana_glorious_footer&#8221; _builder_version=&#8221;4.11.2&#8243; background_color=&#8221;#EFEFEF&#8221; custom_padding=&#8221;0px||0px&#8221; custom_css_main_element=&#8221;overflow: hidden;&#8221; global_module=&#8221;343811&#8243; saved_tabs=&#8221;all&#8221; global_colors_info=&#8221;{}&#8221;][et_pb_row column_structure=&#8221;1_3,1_3,1_3&#8243; _builder_version=&#8221;4.16&#8243; max_width=&#8221;1219px&#8221; custom_margin=&#8221;||-100px||false|false&#8221; custom_margin_tablet=&#8221;&#8221; custom_margin_phone=&#8221;&#8221; custom_margin_last_edited=&#8221;on|desktop&#8221; custom_padding=&#8221;15px||10px||false|false&#8221; custom_css_before=&#8221;content: %22%22;||display: block;||width: 500% !important;||height:100%;||background-color: #fff;||position: absolute;||left: -200%;||top:0;&#8221; use_custom_width=&#8221;on&#8221; custom_width_px=&#8221;1175px&#8221; global_colors_info=&#8221;{}&#8221;][et_pb_column type=&#8221;1_3&#8243; _builder_version=&#8221;4.16&#8243; global_colors_info=&#8221;{}&#8221; custom_padding__hover=&#8221;|||&#8221;][et_pb_social_media_follow admin_label=&#8221;Glorious Footer &#8211; Diana &#8211; Social Media Follow&#8221; _builder_version=&#8221;4.25.1&#8243; custom_css_social_icon=&#8221;color: #a6a6a6 !important&#8221; global_colors_info=&#8221;{}&#8221;][et_pb_social_media_follow_network social_network=&#8221;facebook&#8221; url=&#8221;https:\/\/www.facebook.com\/observatoriopolitico&#8221; _builder_version=&#8221;4.16&#8243; background_color=&#8221;rgba(59,89,152,0)&#8221; global_colors_info=&#8221;{}&#8221; follow_button=&#8221;off&#8221; url_new_window=&#8221;on&#8221;]facebook[\/et_pb_social_media_follow_network][et_pb_social_media_follow_network social_network=&#8221;instagram&#8221; url=&#8221;https:\/\/www.instagram.com\/observatorio.politico\/&#8221; _builder_version=&#8221;4.16&#8243; background_color=&#8221;rgba(234,39,85,0)&#8221; global_colors_info=&#8221;{}&#8221; follow_button=&#8221;off&#8221; url_new_window=&#8221;on&#8221;]instagram[\/et_pb_social_media_follow_network][et_pb_social_media_follow_network social_network=&#8221;linkedin&#8221; url=&#8221;https:\/\/pt.linkedin.com\/company\/observatoriopolitico&#8221; _builder_version=&#8221;4.25.1&#8243; _module_preset=&#8221;default&#8221; background_enable_color=&#8221;off&#8221; global_colors_info=&#8221;{}&#8221; follow_button=&#8221;off&#8221; url_new_window=&#8221;on&#8221;]linkedin[\/et_pb_social_media_follow_network][et_pb_social_media_follow_network social_network=&#8221;twitter&#8221; url=&#8221;https:\/\/twitter.com\/ObPolitico&#8221; _builder_version=&#8221;4.16&#8243; background_color=&#8221;rgba(0,172,237,0)&#8221; global_colors_info=&#8221;{}&#8221; follow_button=&#8221;off&#8221; url_new_window=&#8221;on&#8221;]twitter[\/et_pb_social_media_follow_network][et_pb_social_media_follow_network social_network=&#8221;youtube&#8221; url=&#8221;https:\/\/www.youtube.com\/channel\/UCNpjQ5Qgm22dqsuMREg8X6Q&#8221; _builder_version=&#8221;4.16&#8243; _module_preset=&#8221;default&#8221; background_enable_color=&#8221;off&#8221; global_colors_info=&#8221;{}&#8221; follow_button=&#8221;off&#8221; url_new_window=&#8221;on&#8221;]youtube[\/et_pb_social_media_follow_network][\/et_pb_social_media_follow][\/et_pb_column][et_pb_column type=&#8221;1_3&#8243; _builder_version=&#8221;4.16&#8243; global_colors_info=&#8221;{}&#8221; custom_padding__hover=&#8221;|||&#8221;][et_pb_text admin_label=&#8221;Glorious Footer &#8211; Diana &#8211; Menu&#8221; _builder_version=&#8221;4.16&#8243; link_text_color=&#8221;#a6a6a6&#8243; ul_font=&#8221;Roboto||||||||&#8221; ul_text_color=&#8221;#a6a6a6&#8243; ul_font_size=&#8221;16px&#8221; ul_line_height=&#8221;140%&#8221; custom_margin=&#8221;||0px||false|false&#8221; custom_padding=&#8221;||0px||false|false&#8221; custom_css_main_element=&#8221;font-weight: 400 !important&#8221; global_colors_info=&#8221;{}&#8221; link_text_color__hover_enabled=&#8221;on&#8221; link_text_color__hover=&#8221;#a6a6a6&#8243;]<\/p>\n<ul>\n<li>OBSERVAT\u00d3RIO POL\u00cdTICO \u00a92026<\/li>\n<\/ul>\n<p>[\/et_pb_text][\/et_pb_column][et_pb_column type=&#8221;1_3&#8243; _builder_version=&#8221;4.16&#8243; global_colors_info=&#8221;{}&#8221; custom_padding__hover=&#8221;|||&#8221;][\/et_pb_column][\/et_pb_row][\/et_pb_section]<\/p>\n","protected":false},"excerpt":{"rendered":"<p>Politics and Public Opinion POLITICS AND PUBLIC OPINION A three-party programme between the Political Observatory, the Post-graduate Programme in Sociology of the University of G\u00f3ias (Brazil) and the Institute of Iberian Studies of the University of Salamanca (Spain), signed in the scope of the collaboration promoted by the Doctoral College of Tordesilhas. Project Download In [&hellip;]<\/p>\n","protected":false},"author":2,"featured_media":0,"parent":0,"menu_order":3,"comment_status":"closed","ping_status":"closed","template":"","meta":{"_et_pb_use_builder":"on","_et_pb_old_content":"<p style=\"text-align: justify;\">[hide title]<\/p>\r\n<p style=\"text-align: justify;\"><a href=\"https:\/\/observatoriopolitico.pt\/wp-content\/uploads\/2018\/01\/POLiTICA-E-OPINIaO-PUBLICA-min.jpg\"><img class=\"alignnone size-full wp-image-16591\" alt=\"POL+\u00ecTICA E OPINI+\u00e2O P+\u00dcBLICA-min\" src=\"https:\/\/observatoriopolitico.pt\/wp-content\/uploads\/2018\/01\/POLiTICA-E-OPINIaO-PUBLICA-min.jpg\" width=\"1200\" height=\"300\" \/><\/a><\/p>\r\n<p style=\"text-align: justify;\"><strong>POL\u00cdTICA E OPINI\u00c3O P\u00daBLICA\r\n<\/strong>Programa tripartido entre o Observat\u00f3rio Pol\u00edtico, o Programa de P\u00f3s-Gradua\u00e7\u00e3o em Sociologia da Universidade de G\u00f3ias (UFG, Brasil) e o Instituto de Estudos Ib\u00e9ricos da Universidade de Salamanca (Espanha) assinado no \u00e2mbito da colabora\u00e7\u00e3o promovida pelo Col\u00e9gio Doutoral de Tordesilhas. <a href=\"https:\/\/observatoriopolitico.pt\/wp-content\/uploads\/2011\/11\/3_ciclo11.pdf\" target=\"_blank\" rel=\"noopener\">Download do Projecto<\/a><\/p>\r\nEst\u00e3o envolvidos neste projeto os Professores:\r\nDenise Paiva Ferreira, pelo Brasil\r\nCristina Montalv\u00e3o Sarmento, por Portugal\r\nFl\u00e1via Friendeberg, por Espanha\r\n<p style=\"text-align: justify;\"><a href=\"http:\/\/www.grupotordesillas.org\/\" target=\"_blank\" rel=\"noopener\"><strong>Grupo Tordesilhas<\/strong><\/a>\r\nO Grupo Tordesillas nasce no I Encontro de Reitores das Universidades do Brasil, Espanha e Portugal, realizado no ano 2000, cuja universidade anfitri\u00e3 foi a Universidade de Valladolid e realizou-se na cidade de Tordesillas, na famosa \u201cCasa do Tratado\u201d, local onde foi firmado o hist\u00f3rico Tratado de Tordesillas.<\/p>\r\n<p style=\"text-align: justify;\">Realizado no \u00e2mbito da comemora\u00e7\u00e3o dos 500 anos do descobrimento do Brasil, com a finalidade de promover a colabora\u00e7\u00e3o entre as universidades dos tr\u00eas pa\u00edses na \u00e1rea da ci\u00eancia e tecnologia. Nessa primeira reuni\u00e3o de constitui\u00e7\u00e3o estiveram presentes, al\u00e9m de todos os reitores das universidades participantes, os Ministros de Ci\u00eancia e Tecnologia do Brasil e de Espanha e o Secret\u00e1rio de Estado de Portugal. O Grupo Tordesillas \u00e9 constitu\u00eddo por 28 universidades do Brasil, 19 de Espanha e 8 de Portugal. Atualmente existem tr\u00eas sedes, uma em cada pa\u00eds: a do Brasil na Universidade Federal do Estado do Rio de Janeiro \u2013 UNIRIO; a de Espanha na Universidade de Valladolid \u2013 UVA e a de Portugal, na Universidade de Lisboa \u2013 UL, sendo apoiado pelo Banco Santander - Universidades.<\/p>\r\n<p style=\"text-align: justify;\">No \u00e2mbito deste programa internacional, em fase preliminar, foi assinado pelo Observat\u00f3rio Politico enquanto unidade de investiga\u00e7\u00e3o da UNL, antes da Universidade Nova de Lisboa formalizar a participa\u00e7\u00e3o do Col\u00e9gio Doutoral de Tordesilhas em setembro de 2010. Em novembro do mesmo ano, a Prof. Cristina Montalv\u00e3o Sarmento deslocou-se ao Brasil e prosseguiu os contactos com a Universidade de G\u00f3ias. Esteve ainda presente no XII Encontro do Grupo de Tordesilhas, realizado nos dias 17 e 18 de novembro de 2011 na Universidade de Lisboa, em Portugal.<\/p>","_et_gb_content_width":"","footnotes":""},"class_list":["post-342622","page","type-page","status-publish","hentry"],"_links":{"self":[{"href":"https:\/\/observatoriopolitico.pt\/en\/wp-json\/wp\/v2\/pages\/342622","targetHints":{"allow":["GET"]}}],"collection":[{"href":"https:\/\/observatoriopolitico.pt\/en\/wp-json\/wp\/v2\/pages"}],"about":[{"href":"https:\/\/observatoriopolitico.pt\/en\/wp-json\/wp\/v2\/types\/page"}],"author":[{"embeddable":true,"href":"https:\/\/observatoriopolitico.pt\/en\/wp-json\/wp\/v2\/users\/2"}],"replies":[{"embeddable":true,"href":"https:\/\/observatoriopolitico.pt\/en\/wp-json\/wp\/v2\/comments?post=342622"}],"version-history":[{"count":10,"href":"https:\/\/observatoriopolitico.pt\/en\/wp-json\/wp\/v2\/pages\/342622\/revisions"}],"predecessor-version":[{"id":350627,"href":"https:\/\/observatoriopolitico.pt\/en\/wp-json\/wp\/v2\/pages\/342622\/revisions\/350627"}],"wp:attachment":[{"href":"https:\/\/observatoriopolitico.pt\/en\/wp-json\/wp\/v2\/media?parent=342622"}],"curies":[{"name":"wp","href":"https:\/\/api.w.org\/{rel}","templated":true}]}}