{"id":342737,"date":"2011-10-17T09:41:59","date_gmt":"2011-10-17T09:41:59","guid":{"rendered":"http:\/\/observatoriopolitico.pt\/associacoes\/"},"modified":"2025-02-05T16:40:43","modified_gmt":"2025-02-05T16:40:43","slug":"associacoes","status":"publish","type":"page","link":"https:\/\/observatoriopolitico.pt\/en\/associacoes\/","title":{"rendered":"Associations"},"content":{"rendered":"<p>[et_pb_section fb_built=&#8221;1&#8243; custom_padding_last_edited=&#8221;on|phone&#8221; admin_label=&#8221;Simple Social Header &#8211; Diana &#8211; Section BG Image 1900&#215;483&#8243; module_class=&#8221;diana_simple_social_header diana_about_four_simple_social_header&#8221; _builder_version=&#8221;4.20.2&#8243; background_enable_color=&#8221;off&#8221; background_enable_image=&#8221;on&#8221; custom_padding=&#8221;100px||0px||false|false&#8221; custom_padding_tablet=&#8221;&#8221; custom_padding_phone=&#8221;50px||80px||false|false&#8221; background_last_edited=&#8221;on|phone&#8221; locked=&#8221;off&#8221; global_colors_info=&#8221;{}&#8221;][et_pb_row admin_label=&#8221;Simple Social Header &#8211; Diana &#8211; Row&#8221; _builder_version=&#8221;4.16&#8243; max_width=&#8221;1175px&#8221; module_alignment=&#8221;center&#8221; custom_padding=&#8221;||0px||false|false&#8221; use_custom_width=&#8221;on&#8221; custom_width_px=&#8221;1175px&#8221; global_colors_info=&#8221;{}&#8221;][et_pb_column type=&#8221;4_4&#8243; _builder_version=&#8221;4.16&#8243; global_colors_info=&#8221;{}&#8221; custom_padding__hover=&#8221;|||&#8221;][et_pb_text admin_label=&#8221;Simple Social Header &#8211; Diana &#8211; Title&#8221; _builder_version=&#8221;4.16&#8243; text_font=&#8221;Roboto||||||||&#8221; text_text_color=&#8221;#ffffff&#8221; text_font_size=&#8221;48px&#8221; text_line_height=&#8221;120%&#8221; header_font=&#8221;Lato|||on|||||&#8221; header_text_align=&#8221;left&#8221; header_text_color=&#8221;#ffffff&#8221; header_font_size=&#8221;35px&#8221; header_letter_spacing=&#8221;2px&#8221; custom_margin=&#8221;||90px||false|false&#8221; custom_margin_tablet=&#8221;&#8221; custom_margin_phone=&#8221;||20px||false|false&#8221; custom_margin_last_edited=&#8221;on|phone&#8221; custom_padding=&#8221;||||false|false&#8221; text_font_size_tablet=&#8221;40px&#8221; text_font_size_phone=&#8221;30px&#8221; text_font_size_last_edited=&#8221;on|phone&#8221; global_colors_info=&#8221;{}&#8221;]<\/p>\n<h1>Associations<\/h1>\n<p>[\/et_pb_text][\/et_pb_column][\/et_pb_row][\/et_pb_section][et_pb_section fb_built=&#8221;1&#8243; custom_padding_last_edited=&#8221;on|phone&#8221; admin_label=&#8221;Love This Content &#8211; Diana&#8221; _builder_version=&#8221;4.25.1&#8243; background_enable_color=&#8221;off&#8221; min_height=&#8221;717.3px&#8221; custom_margin=&#8221;||||false|false&#8221; custom_padding=&#8221;50px||50px||true|false&#8221; custom_padding_tablet=&#8221;40px||40px&#8221; custom_padding_phone=&#8221;20px||||false|false&#8221; background_enable_image_phone=&#8221;off&#8221; locked=&#8221;off&#8221; global_colors_info=&#8221;{}&#8221;][et_pb_row use_custom_gutter=&#8221;on&#8221; gutter_width=&#8221;1&#8243; _builder_version=&#8221;4.16&#8243; max_width=&#8221;1175px&#8221; custom_margin=&#8221;0px||0px||true|false&#8221; custom_padding=&#8221;0px||0px||true|false&#8221; use_custom_width=&#8221;on&#8221; custom_width_px=&#8221;1175px&#8221; global_colors_info=&#8221;{}&#8221;][et_pb_column type=&#8221;4_4&#8243; _builder_version=&#8221;4.16&#8243; global_colors_info=&#8221;{}&#8221; custom_padding__hover=&#8221;|||&#8221;][et_pb_text admin_label=&#8221;Love This Content &#8211; Diana &#8211; Text&#8221; _builder_version=&#8221;4.16&#8243; text_font=&#8221;Lato||||||||&#8221; text_text_color=&#8221;#212121&#8243; text_font_size=&#8221;17px&#8221; text_line_height=&#8221;180%&#8221; text_orientation=&#8221;justified&#8221; global_colors_info=&#8221;{}&#8221;]<\/p>\n<p style=\"text-align: left;\"><a href=\"http:\/\/www.uaces.org\/\" target=\"_blank\" rel=\"noopener\">Academic Association for Contemporary European Studies<\/a><br \/><a title=\"American Political Science Association\" href=\"http:\/\/www.apsanet.org\/\" target=\"_blank\" rel=\"noopener\">American Political Science Association<br \/><\/a><a href=\"http:\/\/www.oegpw.at\/\" target=\"_blank\" rel=\"noopener\">Austrian Political Science Association<\/a><br \/><a title=\"Brazilian Political Science Association\" href=\"http:\/\/www.cienciapolitica.org.br\/\" target=\"_blank\" rel=\"noopener\">Brazilian Political Science Association<\/a><br \/><a title=\"Canadian Political Science Association\" href=\"http:\/\/www.cpsa-acsp.ca\/\">Canadian Political Science Association<\/a><br \/><span><a title=\"Chilean Political Science Association\" href=\"http:\/\/www.accp.cl\/\">Chilean Political Science Association<br \/><\/a><a title=\"European Community Study Association\" href=\"http:\/\/www.ecsaworld.eu\/\" target=\"_blank\" rel=\"noopener\">European Community Study Association<br \/><\/a><a title=\"European Consortium for Political Research\" href=\"https:\/\/ecpr.eu\/\" target=\"_blank\" rel=\"noopener\">European Consortium for Political Research<\/a><br \/><\/span><a href=\"http:\/\/www.epsanet.org\/\" target=\"_blank\" rel=\"noopener\">European Political Science Association<br \/><\/a><a title=\"European Union Studies Association\" href=\"https:\/\/www.eustudies.org\/\" target=\"_blank\" rel=\"noopener\">European Union Studies Association<\/a><br \/><a title=\"French Political Science Association\" href=\"http:\/\/www.afsp.msh-paris.fr\/\">French Political Science Association<\/a><br \/><a href=\"https:\/\/www.dvpw.de\/\" target=\"_blank\" rel=\"noopener\"><span>German Political Science Association<\/span><\/a><br \/><a href=\"http:\/\/www.iberianstudies.net\/wp\/?page_id=145\" target=\"_blank\" rel=\"noopener\">Iberian Contemporary Studies Association<br \/><\/a><a title=\"Italian Political Science Association\" href=\"http:\/\/www.sisp.it\/\" target=\"_blank\" rel=\"noopener\">Italian Political Science Association<br \/><\/a><a title=\"PSA-British Political Science Association\" href=\"http:\/\/www.psa.ac.uk\/\" target=\"_blank\" rel=\"noopener\">PSA-British Political Science Association<\/a><br \/><a title=\"PSAI-Political Studies Association of Ireland\" href=\"http:\/\/www.psai.ie\/\" target=\"_blank\" rel=\"noopener\">PSAI-Political Studies Association of Ireland<\/a><br \/><a title=\"Spanish Political Science Association\" href=\"http:\/\/www.aecpa.es\/\">Spanish Political Science Association<br \/><\/a><a href=\"http:\/\/www.svpw-assp.ch\/home\/\" target=\"_blank\" rel=\"noopener\">Swiss Political Science Association<\/a><br \/><a title=\"TEPSA\" href=\"http:\/\/www.tepsa.eu\/\" target=\"_blank\" rel=\"noopener\">Trans European Policy Studies Association<\/a><\/p>\n<p style=\"text-align: left;\"><a href=\"http:\/\/www.psai.ie\/\" target=\"_blank\" rel=\"noopener\"><\/a><\/p>\n<p>[\/et_pb_text][\/et_pb_column][\/et_pb_row][\/et_pb_section][et_pb_section fb_built=&#8221;1&#8243; admin_label=&#8221;Glorious Footer &#8211; Diana&#8221; module_id=&#8221;diana_glorious_footer&#8221; module_class=&#8221;diana_glorious_footer&#8221; _builder_version=&#8221;4.25.1&#8243; background_color=&#8221;#5d87a2&#8243; min_height=&#8221;131px&#8221; custom_padding=&#8221;1%||1%||true|false&#8221; background_enable_image_phone=&#8221;off&#8221; custom_css_main_element=&#8221;overflow: hidden;&#8221; saved_tabs=&#8221;all&#8221; global_colors_info=&#8221;{}&#8221;][et_pb_row column_structure=&#8221;1_4,1_4,1_4,1_4&#8243; _builder_version=&#8221;4.16&#8243; _module_preset=&#8221;default&#8221; max_width=&#8221;1175px&#8221; module_alignment=&#8221;center&#8221; custom_padding=&#8221;5px||5px||true|false&#8221; global_colors_info=&#8221;{}&#8221;][et_pb_column type=&#8221;1_4&#8243; _builder_version=&#8221;4.16&#8243; _module_preset=&#8221;default&#8221; global_colors_info=&#8221;{}&#8221;][et_pb_image src=&#8221;https:\/\/observatoriopolitico.pt\/wp-content\/uploads\/2021\/11\/LOGO-OP-vrs-brancopreto.png&#8221; title_text=&#8221;LOGO OP-vrs-branco+preto&#8221; _builder_version=&#8221;4.16&#8243; _module_preset=&#8221;default&#8221; global_colors_info=&#8221;{}&#8221;][\/et_pb_image][et_pb_button button_url=&#8221;https:\/\/orcid.org\/0000-0001-7846-7987&#8243; url_new_window=&#8221;on&#8221; button_text=&#8221;Curriculum Vitae&#8221; button_alignment=&#8221;center&#8221; _builder_version=&#8221;4.16&#8243; _module_preset=&#8221;default&#8221; custom_button=&#8221;on&#8221; button_text_size=&#8221;17px&#8221; button_text_color=&#8221;#5D87A2&#8243; button_border_color=&#8221;#5D87A2&#8243; button_border_radius=&#8221;1px&#8221; button_font=&#8221;Montserrat|||on|||||&#8221; button_use_icon=&#8221;off&#8221; global_colors_info=&#8221;{}&#8221; button_text_color__hover_enabled=&#8221;on|hover&#8221; button_text_color__hover=&#8221;#FFFFFF&#8221; button_bg_color__hover_enabled=&#8221;on|hover&#8221; button_bg_color__hover=&#8221;#5D87A2&#8243; button_bg_enable_color__hover=&#8221;on&#8221;][\/et_pb_button][\/et_pb_column][et_pb_column type=&#8221;1_4&#8243; _builder_version=&#8221;4.16&#8243; _module_preset=&#8221;default&#8221; global_colors_info=&#8221;{}&#8221;][et_pb_blurb title=&#8221;Contacts&#8221; _builder_version=&#8221;4.20.2&#8243; _module_preset=&#8221;default&#8221; header_font=&#8221;Montserrat|600||on|||||&#8221; header_text_color=&#8221;#15243B&#8221; body_font=&#8221;Lato||||||||&#8221; body_text_align=&#8221;justify&#8221; body_text_color=&#8221;#EFEFEF&#8221; body_link_font=&#8221;Lato||||||||&#8221; body_link_text_color=&#8221;#EFEFEF&#8221; global_colors_info=&#8221;{}&#8221; body_link_text_color__hover=&#8221;#FFFFFF&#8221; body_link_text_color__hover_enabled=&#8221;on|desktop&#8221;]<\/p>\n<p>Rua D. Jo\u00e3o de Castro, 32-A<br \/>Ajuda<br \/>1300-193 Lisboa<br \/><a href=\"https:\/\/www.google.com\/maps\/place\/Observat%C3%B3rio+Pol%C3%ADtico\/@38.7044155,-9.1929574,17z\/data=!3m1!4b1!4m6!3m5!1s0xd1ecb4bd954b63d:0xab14eaef185ada7b!8m2!3d38.7044155!4d-9.1903771!16s%2Fg%2F11y3mmtlxh?entry=ttu\" target=\"_blank\" rel=\"noopener\">(google maps)<\/a><br \/><span>38.7044987, -9.1904574<\/p>\n<p><a href=\"tel:+351213619430\">(+351) 21 363 05 77<\/a><br \/><\/span><\/p>\n<p><a href=\"mailto:geral@observatoriopolitico.pt\">geral@observatoriopolitico.pt<\/a><\/p>\n<p>[\/et_pb_blurb][\/et_pb_column][et_pb_column type=&#8221;1_4&#8243; _builder_version=&#8221;4.16&#8243; _module_preset=&#8221;default&#8221; global_colors_info=&#8221;{}&#8221;][et_pb_blurb title=&#8221;Projects&#8221; _builder_version=&#8221;4.25.1&#8243; _module_preset=&#8221;default&#8221; header_font=&#8221;Montserrat|600||on|||||&#8221; header_text_color=&#8221;#15243B&#8221; body_font=&#8221;Lato||||||||&#8221; body_text_align=&#8221;justify&#8221; body_text_color=&#8221;#EFEFEF&#8221; body_link_font=&#8221;Lato||||||||&#8221; body_link_text_color=&#8221;#EFEFEF&#8221; global_colors_info=&#8221;{}&#8221; body_link_text_color__hover_enabled=&#8221;on|desktop&#8221; body_link_text_color__hover=&#8221;#FFFFFF&#8221;]<\/p>\n<p><a href=\"https:\/\/rpcp.pt\/index.php\/rpcp\">Portuguese Journal of Political Science<\/a><\/p>\n<p><a href=\"https:\/\/observatoriopolitico.pt\/en\/repertorio-portugues-de-ciencia-politica\/\">Portuguese Repository of Political Science<\/a><\/p>\n<p><a href=\"https:\/\/observatoriopolitico.pt\/en\/working-papers\/\">Working Papers<\/a><\/p>\n<p>[\/et_pb_blurb][\/et_pb_column][et_pb_column type=&#8221;1_4&#8243; _builder_version=&#8221;4.16&#8243; _module_preset=&#8221;default&#8221; global_colors_info=&#8221;{}&#8221;][et_pb_blurb title=&#8221;Links&#8221; _builder_version=&#8221;4.16&#8243; _module_preset=&#8221;default&#8221; header_font=&#8221;Montserrat|600||on|||||&#8221; header_text_color=&#8221;#15243B&#8221; body_font=&#8221;Lato||||||||&#8221; body_text_align=&#8221;justify&#8221; body_text_color=&#8221;#EFEFEF&#8221; body_link_font=&#8221;Lato||||||||&#8221; body_link_text_color=&#8221;#EFEFEF&#8221; global_colors_info=&#8221;{}&#8221; body_link_text_color__hover=&#8221;#FFFFFF&#8221; body_link_text_color__hover_enabled=&#8221;on|desktop&#8221;]<a href=\"https:\/\/observatoriopolitico.pt\/en\/associe-se\/\">Become a member!<\/a><\/p>\n<p><a href=\"https:\/\/observatoriopolitico.pt\/en\/curricular-and-extracurricular-internships\/\">Internships@OP<\/a><\/p>\n<p><a href=\"https:\/\/observatoriopolitico.pt\/en\/privacy-policy\/\" target=\"_blank\" rel=\"noopener\">Privacy Policy<\/a>[\/et_pb_blurb][\/et_pb_column][\/et_pb_row][\/et_pb_section][et_pb_section fb_built=&#8221;1&#8243; admin_label=&#8221;Glorious Footer &#8211; Diana&#8221; module_id=&#8221;diana_glorious_footer&#8221; module_class=&#8221;diana_glorious_footer&#8221; _builder_version=&#8221;4.11.2&#8243; background_color=&#8221;#EFEFEF&#8221; custom_padding=&#8221;0px||0px&#8221; custom_css_main_element=&#8221;overflow: hidden;&#8221; global_module=&#8221;343811&#8243; saved_tabs=&#8221;all&#8221; global_colors_info=&#8221;{}&#8221;][et_pb_row column_structure=&#8221;1_3,1_3,1_3&#8243; _builder_version=&#8221;4.16&#8243; max_width=&#8221;1219px&#8221; custom_margin=&#8221;||-100px||false|false&#8221; custom_margin_tablet=&#8221;&#8221; custom_margin_phone=&#8221;&#8221; custom_margin_last_edited=&#8221;on|desktop&#8221; custom_padding=&#8221;15px||10px||false|false&#8221; custom_css_before=&#8221;content: %22%22;||display: block;||width: 500% !important;||height:100%;||background-color: #fff;||position: absolute;||left: -200%;||top:0;&#8221; use_custom_width=&#8221;on&#8221; custom_width_px=&#8221;1175px&#8221; global_colors_info=&#8221;{}&#8221;][et_pb_column type=&#8221;1_3&#8243; _builder_version=&#8221;4.16&#8243; global_colors_info=&#8221;{}&#8221; custom_padding__hover=&#8221;|||&#8221;][et_pb_social_media_follow admin_label=&#8221;Glorious Footer &#8211; Diana &#8211; Social Media Follow&#8221; _builder_version=&#8221;4.25.1&#8243; custom_css_social_icon=&#8221;color: #a6a6a6 !important&#8221; global_colors_info=&#8221;{}&#8221;][et_pb_social_media_follow_network social_network=&#8221;facebook&#8221; url=&#8221;https:\/\/www.facebook.com\/observatoriopolitico&#8221; _builder_version=&#8221;4.16&#8243; background_color=&#8221;rgba(59,89,152,0)&#8221; global_colors_info=&#8221;{}&#8221; follow_button=&#8221;off&#8221; url_new_window=&#8221;on&#8221;]facebook[\/et_pb_social_media_follow_network][et_pb_social_media_follow_network social_network=&#8221;instagram&#8221; url=&#8221;https:\/\/www.instagram.com\/observatorio.politico\/&#8221; _builder_version=&#8221;4.16&#8243; background_color=&#8221;rgba(234,39,85,0)&#8221; global_colors_info=&#8221;{}&#8221; follow_button=&#8221;off&#8221; url_new_window=&#8221;on&#8221;]instagram[\/et_pb_social_media_follow_network][et_pb_social_media_follow_network social_network=&#8221;linkedin&#8221; url=&#8221;https:\/\/pt.linkedin.com\/company\/observatoriopolitico&#8221; _builder_version=&#8221;4.25.1&#8243; _module_preset=&#8221;default&#8221; background_enable_color=&#8221;off&#8221; global_colors_info=&#8221;{}&#8221; follow_button=&#8221;off&#8221; url_new_window=&#8221;on&#8221;]linkedin[\/et_pb_social_media_follow_network][et_pb_social_media_follow_network social_network=&#8221;twitter&#8221; url=&#8221;https:\/\/twitter.com\/ObPolitico&#8221; _builder_version=&#8221;4.16&#8243; background_color=&#8221;rgba(0,172,237,0)&#8221; global_colors_info=&#8221;{}&#8221; follow_button=&#8221;off&#8221; url_new_window=&#8221;on&#8221;]twitter[\/et_pb_social_media_follow_network][et_pb_social_media_follow_network social_network=&#8221;youtube&#8221; url=&#8221;https:\/\/www.youtube.com\/channel\/UCNpjQ5Qgm22dqsuMREg8X6Q&#8221; _builder_version=&#8221;4.16&#8243; _module_preset=&#8221;default&#8221; background_enable_color=&#8221;off&#8221; global_colors_info=&#8221;{}&#8221; follow_button=&#8221;off&#8221; url_new_window=&#8221;on&#8221;]youtube[\/et_pb_social_media_follow_network][\/et_pb_social_media_follow][\/et_pb_column][et_pb_column type=&#8221;1_3&#8243; _builder_version=&#8221;4.16&#8243; global_colors_info=&#8221;{}&#8221; custom_padding__hover=&#8221;|||&#8221;][et_pb_text admin_label=&#8221;Glorious Footer &#8211; Diana &#8211; Menu&#8221; _builder_version=&#8221;4.16&#8243; link_text_color=&#8221;#a6a6a6&#8243; ul_font=&#8221;Roboto||||||||&#8221; ul_text_color=&#8221;#a6a6a6&#8243; ul_font_size=&#8221;16px&#8221; ul_line_height=&#8221;140%&#8221; custom_margin=&#8221;||0px||false|false&#8221; custom_padding=&#8221;||0px||false|false&#8221; custom_css_main_element=&#8221;font-weight: 400 !important&#8221; global_colors_info=&#8221;{}&#8221; link_text_color__hover_enabled=&#8221;on&#8221; link_text_color__hover=&#8221;#a6a6a6&#8243;]<\/p>\n<ul>\n<li>OBSERVAT\u00d3RIO POL\u00cdTICO \u00a92026<\/li>\n<\/ul>\n<p>[\/et_pb_text][\/et_pb_column][et_pb_column type=&#8221;1_3&#8243; _builder_version=&#8221;4.16&#8243; global_colors_info=&#8221;{}&#8221; custom_padding__hover=&#8221;|||&#8221;][\/et_pb_column][\/et_pb_row][\/et_pb_section]<\/p>\n","protected":false},"excerpt":{"rendered":"<p>AssociationsAcademic Association for Contemporary European StudiesAmerican Political Science AssociationAustrian Political Science AssociationBrazilian Political Science AssociationCanadian Political Science AssociationChilean Political Science AssociationEuropean Community Study AssociationEuropean Consortium for Political ResearchEuropean Political Science AssociationEuropean Union Studies AssociationFrench Political Science AssociationGerman Political Science AssociationIberian Contemporary Studies AssociationItalian Political Science AssociationPSA-British Political Science AssociationPSAI-Political Studies Association of IrelandSpanish Political Science [&hellip;]<\/p>\n","protected":false},"author":2,"featured_media":0,"parent":0,"menu_order":0,"comment_status":"closed","ping_status":"closed","template":"","meta":{"_et_pb_use_builder":"on","_et_pb_old_content":"[hide title]\r\n\r\n<a href=\"https:\/\/observatoriopolitico.pt\/wp-content\/uploads\/2018\/01\/associacoes.png\"><img class=\"alignnone size-full wp-image-16350\" alt=\"associa\u00e7\u00f5es\" src=\"https:\/\/observatoriopolitico.pt\/wp-content\/uploads\/2018\/01\/associacoes.png\" width=\"1200\" height=\"300\" \/><\/a>\r\n\r\n<a href=\"http:\/\/www.dvpw.de\/\" target=\"_blank\" rel=\"noopener\">Associa\u00e7\u00e3o Alem\u00e3 de Ci\u00eancia Pol\u00edtica<\/a>\r\n<a href=\"http:\/\/www.apsanet.org\/\" target=\"_blank\" rel=\"noopener\">Associa\u00e7\u00e3o Americana de Ci\u00eancia Pol\u00edtica \u2013 APSA<\/a>\r\n<a title=\"OEGPW-Associa\u00e7\u00e3o Austr\u00edaca de Ci\u00eancia Pol\u00edtica\" href=\"http:\/\/www.oegpw.at\/\" target=\"_blank\" rel=\"noopener\">Associa\u00e7\u00e3o Austr\u00edaca de Ci\u00eancia Pol\u00edtica\u00a0<\/a>\r\n<a href=\"http:\/\/www.cienciapolitica.org.br\/\" target=\"_blank\" rel=\"noopener\">Associa\u00e7\u00e3o Brasileira de Ci\u00eancia Pol\u00edtica\r\n<\/a><a href=\"http:\/\/www.psa.ac.uk\/\" target=\"_blank\" rel=\"noopener\">Associa\u00e7\u00e3o Brit\u00e2nica de Ci\u00eancia Pol\u00edtica - PSA<\/a>\r\n<a href=\"http:\/\/www.cpsa-acsp.ca\/\" target=\"_blank\" rel=\"noopener\">Associa\u00e7\u00e3o Canadiana de Ci\u00eancia Pol\u00edtica<\/a>\r\n<a href=\"http:\/\/www.accp.cl\/\" target=\"_blank\" rel=\"noopener\">Associa\u00e7\u00e3o Chilena de Ci\u00eancia Pol\u00edtica<\/a>\r\n<a title=\"EPSA-Associa\u00e7\u00e3o Europeia de Ci\u00eancia Pol\u00edtica\" href=\"http:\/\/www.epsanet.org\/\" target=\"_blank\" rel=\"noopener\">Associa\u00e7\u00e3o Europeia de Ci\u00eancia Pol\u00edtica<\/a>\r\n<a href=\"http:\/\/www.ecsaworld.eu\/\" target=\"_blank\" rel=\"noopener\">Associa\u00e7\u00e3o de Estudos da Comunidade Europeia<\/a>\r\n<a href=\"https:\/\/www.eustudies.org\/\" target=\"_blank\" rel=\"noopener\">Associa\u00e7\u00e3o de Estudos da\u00a0Uni\u00e3o Europeia<\/a>\r\n<a href=\"http:\/\/www.aecpa.es\/\" target=\"_blank\" rel=\"noopener\">Associa\u00e7\u00e3o Espanhola de Ci\u00eancia Pol\u00edtica<\/a>\r\n<a href=\"http:\/\/www.afsp.msh-paris.fr\/\" target=\"_blank\" rel=\"noopener\">Associa\u00e7\u00e3o Francesa de Ci\u00eancia Pol\u00edtica\r\n<\/a><a href=\"http:\/\/www.psai.ie\/\" target=\"_blank\" rel=\"noopener\">Associa\u00e7\u00e3o Irlandesa de Estudos Pol\u00edticos - PSAI<\/a>\r\n<a href=\"http:\/\/www.sisp.it\/\" target=\"_blank\" rel=\"noopener\">Associa\u00e7\u00e3o Italiana de Ci\u00eancia Pol\u00edtica\r\n<\/a><a href=\"http:\/\/www.iberianstudies.net\/wp\/?page_id=145\">Associa\u00e7\u00e3o para Estudos Ib\u00e9ricos Contempor\u00e2neos<\/a>\r\n<a href=\"http:\/\/www.svpw-assp.ch\/home\/\" target=\"_blank\" rel=\"noopener\">Associa\u00e7\u00e3o Su\u00ed\u00e7a de Ci\u00eancia Pol\u00edtica\r\n<\/a><a href=\"http:\/\/www.tepsa.eu\/\" target=\"_blank\" rel=\"noopener\">Associa\u00e7\u00e3o Transeuropeia de Estudos Pol\u00edticos<\/a>\r\n<a title=\"UACES-Associa\u00e7\u00e3o Universit\u00e1ria para os Estudos Europeus Contempor\u00e2neos\" href=\"http:\/\/www.uaces.org\/\" target=\"_blank\" rel=\"noopener\">Associa\u00e7\u00e3o Universit\u00e1ria para Estudos Europeus Contempor\u00e2neos<\/a>\r\n<a href=\"https:\/\/ecpr.eu\/\" target=\"_blank\" rel=\"noopener\">ECPR- European Consortium for Political Research<\/a>\r\n<a title=\"TEPSA\" href=\"http:\/\/www.tepsa.eu\/\" target=\"_blank\" rel=\"noopener\">\r\n<\/a>\r\n\r\n\u00a0","_et_gb_content_width":"","footnotes":""},"class_list":["post-342737","page","type-page","status-publish","hentry"],"_links":{"self":[{"href":"https:\/\/observatoriopolitico.pt\/en\/wp-json\/wp\/v2\/pages\/342737","targetHints":{"allow":["GET"]}}],"collection":[{"href":"https:\/\/observatoriopolitico.pt\/en\/wp-json\/wp\/v2\/pages"}],"about":[{"href":"https:\/\/observatoriopolitico.pt\/en\/wp-json\/wp\/v2\/types\/page"}],"author":[{"embeddable":true,"href":"https:\/\/observatoriopolitico.pt\/en\/wp-json\/wp\/v2\/users\/2"}],"replies":[{"embeddable":true,"href":"https:\/\/observatoriopolitico.pt\/en\/wp-json\/wp\/v2\/comments?post=342737"}],"version-history":[{"count":13,"href":"https:\/\/observatoriopolitico.pt\/en\/wp-json\/wp\/v2\/pages\/342737\/revisions"}],"predecessor-version":[{"id":349077,"href":"https:\/\/observatoriopolitico.pt\/en\/wp-json\/wp\/v2\/pages\/342737\/revisions\/349077"}],"wp:attachment":[{"href":"https:\/\/observatoriopolitico.pt\/en\/wp-json\/wp\/v2\/media?parent=342737"}],"curies":[{"name":"wp","href":"https:\/\/api.w.org\/{rel}","templated":true}]}}