{"id":342741,"date":"2011-10-14T10:23:45","date_gmt":"2011-10-14T10:23:45","guid":{"rendered":"http:\/\/observatoriopolitico.pt\/bolsas-de-investigacao\/"},"modified":"2025-02-05T16:39:36","modified_gmt":"2025-02-05T16:39:36","slug":"bolsas-de-investigacao","status":"publish","type":"page","link":"https:\/\/observatoriopolitico.pt\/en\/bolsas-de-investigacao\/","title":{"rendered":"Research Grants"},"content":{"rendered":"<p>[et_pb_section fb_built=&#8221;1&#8243; custom_padding_last_edited=&#8221;on|phone&#8221; admin_label=&#8221;Simple Social Header &#8211; Diana &#8211; Section BG Image 1900&#215;483&#8243; module_class=&#8221;diana_simple_social_header diana_about_four_simple_social_header&#8221; _builder_version=&#8221;4.20.2&#8243; background_enable_color=&#8221;off&#8221; background_enable_image=&#8221;on&#8221; custom_padding=&#8221;100px||0px||false|false&#8221; custom_padding_tablet=&#8221;&#8221; custom_padding_phone=&#8221;50px||80px||false|false&#8221; background_last_edited=&#8221;on|phone&#8221; locked=&#8221;off&#8221; global_colors_info=&#8221;{}&#8221;][et_pb_row admin_label=&#8221;Simple Social Header &#8211; Diana &#8211; Row&#8221; _builder_version=&#8221;4.16&#8243; max_width=&#8221;1175px&#8221; module_alignment=&#8221;center&#8221; custom_padding=&#8221;||0px||false|false&#8221; use_custom_width=&#8221;on&#8221; custom_width_px=&#8221;1175px&#8221; global_colors_info=&#8221;{}&#8221;][et_pb_column type=&#8221;4_4&#8243; _builder_version=&#8221;4.16&#8243; global_colors_info=&#8221;{}&#8221; custom_padding__hover=&#8221;|||&#8221;][et_pb_text admin_label=&#8221;Simple Social Header &#8211; Diana &#8211; Title&#8221; _builder_version=&#8221;4.16&#8243; text_font=&#8221;Roboto||||||||&#8221; text_text_color=&#8221;#ffffff&#8221; text_font_size=&#8221;48px&#8221; text_line_height=&#8221;120%&#8221; header_font=&#8221;Lato|||on|||||&#8221; header_text_align=&#8221;left&#8221; header_text_color=&#8221;#ffffff&#8221; header_font_size=&#8221;35px&#8221; header_letter_spacing=&#8221;2px&#8221; custom_margin=&#8221;||90px||false|false&#8221; custom_margin_tablet=&#8221;&#8221; custom_margin_phone=&#8221;||20px||false|false&#8221; custom_margin_last_edited=&#8221;on|phone&#8221; custom_padding=&#8221;||||false|false&#8221; text_font_size_tablet=&#8221;40px&#8221; text_font_size_phone=&#8221;30px&#8221; text_font_size_last_edited=&#8221;on|phone&#8221; global_colors_info=&#8221;{}&#8221;]<\/p>\n<h1>Research Grants<\/h1>\n<p>[\/et_pb_text][\/et_pb_column][\/et_pb_row][\/et_pb_section][et_pb_section fb_built=&#8221;1&#8243; custom_padding_last_edited=&#8221;on|phone&#8221; admin_label=&#8221;Love This Content &#8211; Diana&#8221; _builder_version=&#8221;4.25.1&#8243; background_enable_color=&#8221;off&#8221; min_height=&#8221;310.3px&#8221; custom_margin=&#8221;||||false|false&#8221; custom_padding=&#8221;50px||50px||true|false&#8221; custom_padding_tablet=&#8221;40px||40px&#8221; custom_padding_phone=&#8221;20px||||false|false&#8221; hover_enabled=&#8221;0&#8243; locked=&#8221;off&#8221; global_colors_info=&#8221;{}&#8221; background_enable_image_phone=&#8221;off&#8221; sticky_enabled=&#8221;0&#8243;][et_pb_row use_custom_gutter=&#8221;on&#8221; gutter_width=&#8221;1&#8243; _builder_version=&#8221;4.16&#8243; max_width=&#8221;1175px&#8221; custom_margin=&#8221;0px||0px||true|false&#8221; custom_padding=&#8221;0px||0px||true|false&#8221; use_custom_width=&#8221;on&#8221; custom_width_px=&#8221;1175px&#8221; global_colors_info=&#8221;{}&#8221;][et_pb_column type=&#8221;4_4&#8243; _builder_version=&#8221;4.16&#8243; global_colors_info=&#8221;{}&#8221; custom_padding__hover=&#8221;|||&#8221;][et_pb_text admin_label=&#8221;Love This Content &#8211; Diana &#8211; Text&#8221; _builder_version=&#8221;4.16&#8243; text_font=&#8221;Lato||||||||&#8221; text_text_color=&#8221;#212121&#8243; text_font_size=&#8221;17px&#8221; text_line_height=&#8221;180%&#8221; text_orientation=&#8221;justified&#8221; global_colors_info=&#8221;{}&#8221;]<\/p>\n<p><a title=\"Calouste Gulbenkian Foundation\" href=\"https:\/\/gulbenkian.pt\/en\/\" target=\"_blank\" rel=\"noopener\">Calouste Gulbenkian Foundation<\/a><br \/><a href=\"http:\/\/www.esf.org\/\" target=\"_blank\" rel=\"noopener\">European Science Foundation<\/a><br \/><a title=\"Foundation for Science and Technology\" href=\"http:\/\/alfa.fct.mctes.pt\/\" target=\"_blank\" rel=\"noopener\">Foundation for Science and Technology (FCT)<\/a><br \/><a href=\"http:\/\/www.ccla.pt\/\" target=\"_blank\" rel=\"noopener\">Fullbright Programme<\/a><br \/><a href=\"http:\/\/www.flad.pt\/en\/\" target=\"_blank\" rel=\"noopener\">Luso-American Development Foundation<br \/><\/a><a href=\"http:\/\/www.dges.mctes.pt\/DGES\/pt\/Estudantes\/Bolsas\" target=\"_blank\" rel=\"noopener\">Portuguese Government Scolarships<\/a><span>\u00a0&#8211; only in Portuguese<\/span><br \/><a title=\"Tinker Foundation\" href=\"http:\/\/www.tinker.org\/\" target=\"_blank\" rel=\"noopener\">Tinker Foundation<\/a><\/p>\n<p>[\/et_pb_text][\/et_pb_column][\/et_pb_row][\/et_pb_section][et_pb_section fb_built=&#8221;1&#8243; admin_label=&#8221;Glorious Footer &#8211; Diana&#8221; module_id=&#8221;diana_glorious_footer&#8221; module_class=&#8221;diana_glorious_footer&#8221; _builder_version=&#8221;4.25.1&#8243; background_color=&#8221;#5d87a2&#8243; min_height=&#8221;131px&#8221; custom_padding=&#8221;1%||1%||true|false&#8221; hover_enabled=&#8221;0&#8243; custom_css_main_element=&#8221;overflow: hidden;&#8221; saved_tabs=&#8221;all&#8221; global_colors_info=&#8221;{}&#8221; background_enable_image_phone=&#8221;off&#8221; sticky_enabled=&#8221;0&#8243;][et_pb_row column_structure=&#8221;1_4,1_4,1_4,1_4&#8243; _builder_version=&#8221;4.16&#8243; _module_preset=&#8221;default&#8221; max_width=&#8221;1175px&#8221; module_alignment=&#8221;center&#8221; custom_padding=&#8221;5px||5px||true|false&#8221; global_colors_info=&#8221;{}&#8221;][et_pb_column type=&#8221;1_4&#8243; _builder_version=&#8221;4.16&#8243; _module_preset=&#8221;default&#8221; global_colors_info=&#8221;{}&#8221;][et_pb_image src=&#8221;https:\/\/observatoriopolitico.pt\/wp-content\/uploads\/2021\/11\/LOGO-OP-vrs-brancopreto.png&#8221; title_text=&#8221;LOGO OP-vrs-branco+preto&#8221; _builder_version=&#8221;4.16&#8243; _module_preset=&#8221;default&#8221; global_colors_info=&#8221;{}&#8221;][\/et_pb_image][et_pb_button button_url=&#8221;https:\/\/orcid.org\/0000-0001-7846-7987&#8243; url_new_window=&#8221;on&#8221; button_text=&#8221;Curriculum Vitae&#8221; button_alignment=&#8221;center&#8221; _builder_version=&#8221;4.16&#8243; _module_preset=&#8221;default&#8221; custom_button=&#8221;on&#8221; button_text_size=&#8221;17px&#8221; button_text_color=&#8221;#5D87A2&#8243; button_border_color=&#8221;#5D87A2&#8243; button_border_radius=&#8221;1px&#8221; button_font=&#8221;Montserrat|||on|||||&#8221; button_use_icon=&#8221;off&#8221; global_colors_info=&#8221;{}&#8221; button_text_color__hover_enabled=&#8221;on|hover&#8221; button_text_color__hover=&#8221;#FFFFFF&#8221; button_bg_color__hover_enabled=&#8221;on|hover&#8221; button_bg_color__hover=&#8221;#5D87A2&#8243; button_bg_enable_color__hover=&#8221;on&#8221;][\/et_pb_button][\/et_pb_column][et_pb_column type=&#8221;1_4&#8243; _builder_version=&#8221;4.16&#8243; _module_preset=&#8221;default&#8221; global_colors_info=&#8221;{}&#8221;][et_pb_blurb title=&#8221;Contacts&#8221; _builder_version=&#8221;4.16&#8243; _module_preset=&#8221;default&#8221; header_font=&#8221;Montserrat|600||on|||||&#8221; header_text_color=&#8221;#15243B&#8221; body_font=&#8221;Lato||||||||&#8221; body_text_align=&#8221;justify&#8221; body_text_color=&#8221;#EFEFEF&#8221; body_link_font=&#8221;Lato||||||||&#8221; body_link_text_color=&#8221;#EFEFEF&#8221; global_colors_info=&#8221;{}&#8221; body_link_text_color__hover=&#8221;#FFFFFF&#8221; body_link_text_color__hover_enabled=&#8221;on|desktop&#8221;]<\/p>\n<p>Rua\u00a0 D. Jo\u00e3o de Castro, 32-A<br \/>\u00a0Ajuda<br \/>1300-193 Lisboa<\/p>\n<p>38.7044987, -9.1904574<\/p>\n<p><a href=\"tel:+351213619430\">(+351) 21 363 05 77<\/a><\/p>\n<p><a href=\"mailto:geral@observatoriopolitico.pt\">geral@observatoriopolitico.pt<\/a><\/p>\n<p>[\/et_pb_blurb][\/et_pb_column][et_pb_column type=&#8221;1_4&#8243; _builder_version=&#8221;4.16&#8243; _module_preset=&#8221;default&#8221; global_colors_info=&#8221;{}&#8221;][et_pb_blurb title=&#8221;Projects&#8221; _builder_version=&#8221;4.25.1&#8243; _module_preset=&#8221;default&#8221; header_font=&#8221;Montserrat|600||on|||||&#8221; header_text_color=&#8221;#15243B&#8221; body_font=&#8221;Lato||||||||&#8221; body_text_align=&#8221;justify&#8221; body_text_color=&#8221;#EFEFEF&#8221; body_link_font=&#8221;Lato||||||||&#8221; body_link_text_color=&#8221;#EFEFEF&#8221; global_colors_info=&#8221;{}&#8221; body_link_text_color__hover_enabled=&#8221;on|desktop&#8221; body_link_text_color__hover=&#8221;#FFFFFF&#8221;]<\/p>\n<p><a href=\"https:\/\/rpcp.pt\/index.php\/rpcp\">Portuguese Journal of Political Science<\/a><\/p>\n<p><a href=\"https:\/\/observatoriopolitico.pt\/en\/repertorio-portugues-de-ciencia-politica\/\">Portuguese Repository of Political Science<\/a><\/p>\n<p><a href=\"https:\/\/observatoriopolitico.pt\/en\/working-papers\/\">Working Papers<\/a><\/p>\n<p>[\/et_pb_blurb][\/et_pb_column][et_pb_column type=&#8221;1_4&#8243; _builder_version=&#8221;4.16&#8243; _module_preset=&#8221;default&#8221; global_colors_info=&#8221;{}&#8221;][et_pb_blurb title=&#8221;Links&#8221; _builder_version=&#8221;4.16&#8243; _module_preset=&#8221;default&#8221; header_font=&#8221;Montserrat|600||on|||||&#8221; header_text_color=&#8221;#15243B&#8221; body_font=&#8221;Lato||||||||&#8221; body_text_align=&#8221;justify&#8221; body_text_color=&#8221;#EFEFEF&#8221; body_link_font=&#8221;Lato||||||||&#8221; body_link_text_color=&#8221;#EFEFEF&#8221; global_colors_info=&#8221;{}&#8221; body_link_text_color__hover=&#8221;#FFFFFF&#8221; body_link_text_color__hover_enabled=&#8221;on|desktop&#8221;]<a href=\"https:\/\/observatoriopolitico.pt\/en\/associe-se\/\">Become a member!<\/a><\/p>\n<p><a href=\"https:\/\/observatoriopolitico.pt\/en\/curricular-and-extracurricular-internships\/\">Internships@OP<\/a><\/p>\n<p><a href=\"https:\/\/observatoriopolitico.pt\/en\/privacy-policy\/\" target=\"_blank\" rel=\"noopener\">Privacy Policy<\/a><\/p>\n<p><a href=\"https:\/\/www.livroreclamacoes.pt\/INICIO\/\" target=\"_blank\" rel=\"noopener\">Complaints Book de Reclama\u00e7\u00f5es<\/a>[\/et_pb_blurb][\/et_pb_column][\/et_pb_row][\/et_pb_section][et_pb_section fb_built=&#8221;1&#8243; admin_label=&#8221;Glorious Footer &#8211; Diana&#8221; module_id=&#8221;diana_glorious_footer&#8221; module_class=&#8221;diana_glorious_footer&#8221; _builder_version=&#8221;4.11.2&#8243; background_color=&#8221;#EFEFEF&#8221; custom_padding=&#8221;0px||0px&#8221; custom_css_main_element=&#8221;overflow: hidden;&#8221; global_module=&#8221;343811&#8243; saved_tabs=&#8221;all&#8221; global_colors_info=&#8221;{}&#8221;][et_pb_row column_structure=&#8221;1_3,1_3,1_3&#8243; _builder_version=&#8221;4.16&#8243; max_width=&#8221;1219px&#8221; custom_margin=&#8221;||-100px||false|false&#8221; custom_margin_tablet=&#8221;&#8221; custom_margin_phone=&#8221;&#8221; custom_margin_last_edited=&#8221;on|desktop&#8221; custom_padding=&#8221;15px||10px||false|false&#8221; custom_css_before=&#8221;content: %22%22;||display: block;||width: 500% !important;||height:100%;||background-color: #fff;||position: absolute;||left: -200%;||top:0;&#8221; use_custom_width=&#8221;on&#8221; custom_width_px=&#8221;1175px&#8221; global_colors_info=&#8221;{}&#8221;][et_pb_column type=&#8221;1_3&#8243; _builder_version=&#8221;4.16&#8243; global_colors_info=&#8221;{}&#8221; custom_padding__hover=&#8221;|||&#8221;][et_pb_social_media_follow admin_label=&#8221;Glorious Footer &#8211; Diana &#8211; Social Media Follow&#8221; _builder_version=&#8221;4.25.1&#8243; custom_css_social_icon=&#8221;color: #a6a6a6 !important&#8221; global_colors_info=&#8221;{}&#8221;][et_pb_social_media_follow_network social_network=&#8221;facebook&#8221; url=&#8221;https:\/\/www.facebook.com\/observatoriopolitico&#8221; _builder_version=&#8221;4.16&#8243; background_color=&#8221;rgba(59,89,152,0)&#8221; global_colors_info=&#8221;{}&#8221; follow_button=&#8221;off&#8221; url_new_window=&#8221;on&#8221;]facebook[\/et_pb_social_media_follow_network][et_pb_social_media_follow_network social_network=&#8221;instagram&#8221; url=&#8221;https:\/\/www.instagram.com\/observatorio.politico\/&#8221; _builder_version=&#8221;4.16&#8243; background_color=&#8221;rgba(234,39,85,0)&#8221; global_colors_info=&#8221;{}&#8221; follow_button=&#8221;off&#8221; url_new_window=&#8221;on&#8221;]instagram[\/et_pb_social_media_follow_network][et_pb_social_media_follow_network social_network=&#8221;linkedin&#8221; url=&#8221;https:\/\/pt.linkedin.com\/company\/observatoriopolitico&#8221; _builder_version=&#8221;4.25.1&#8243; _module_preset=&#8221;default&#8221; background_enable_color=&#8221;off&#8221; global_colors_info=&#8221;{}&#8221; follow_button=&#8221;off&#8221; url_new_window=&#8221;on&#8221;]linkedin[\/et_pb_social_media_follow_network][et_pb_social_media_follow_network social_network=&#8221;twitter&#8221; url=&#8221;https:\/\/twitter.com\/ObPolitico&#8221; _builder_version=&#8221;4.16&#8243; background_color=&#8221;rgba(0,172,237,0)&#8221; global_colors_info=&#8221;{}&#8221; follow_button=&#8221;off&#8221; url_new_window=&#8221;on&#8221;]twitter[\/et_pb_social_media_follow_network][et_pb_social_media_follow_network social_network=&#8221;youtube&#8221; url=&#8221;https:\/\/www.youtube.com\/channel\/UCNpjQ5Qgm22dqsuMREg8X6Q&#8221; _builder_version=&#8221;4.16&#8243; _module_preset=&#8221;default&#8221; background_enable_color=&#8221;off&#8221; global_colors_info=&#8221;{}&#8221; follow_button=&#8221;off&#8221; url_new_window=&#8221;on&#8221;]youtube[\/et_pb_social_media_follow_network][\/et_pb_social_media_follow][\/et_pb_column][et_pb_column type=&#8221;1_3&#8243; _builder_version=&#8221;4.16&#8243; global_colors_info=&#8221;{}&#8221; custom_padding__hover=&#8221;|||&#8221;][et_pb_text admin_label=&#8221;Glorious Footer &#8211; Diana &#8211; Menu&#8221; _builder_version=&#8221;4.16&#8243; link_text_color=&#8221;#a6a6a6&#8243; ul_font=&#8221;Roboto||||||||&#8221; ul_text_color=&#8221;#a6a6a6&#8243; ul_font_size=&#8221;16px&#8221; ul_line_height=&#8221;140%&#8221; custom_margin=&#8221;||0px||false|false&#8221; custom_padding=&#8221;||0px||false|false&#8221; custom_css_main_element=&#8221;font-weight: 400 !important&#8221; global_colors_info=&#8221;{}&#8221; link_text_color__hover_enabled=&#8221;on&#8221; link_text_color__hover=&#8221;#a6a6a6&#8243;]<\/p>\n<ul>\n<li>OBSERVAT\u00d3RIO POL\u00cdTICO \u00a92026<\/li>\n<\/ul>\n<p>[\/et_pb_text][\/et_pb_column][et_pb_column type=&#8221;1_3&#8243; _builder_version=&#8221;4.16&#8243; global_colors_info=&#8221;{}&#8221; custom_padding__hover=&#8221;|||&#8221;][\/et_pb_column][\/et_pb_row][\/et_pb_section]<\/p>\n","protected":false},"excerpt":{"rendered":"<p>Research GrantsCalouste Gulbenkian FoundationEuropean Science FoundationFoundation for Science and Technology (FCT)Fullbright ProgrammeLuso-American Development FoundationPortuguese Government Scolarships\u00a0&#8211; only in PortugueseTinker FoundationRua\u00a0 D. Jo\u00e3o de Castro, 32-A\u00a0Ajuda1300-193 Lisboa 38.7044987, -9.1904574 (+351) 21 363 05 77 geral@observatoriopolitico.ptPortuguese Journal of Political Science Portuguese Repository of Political Science Working PapersBecome a member! Internships@OP Privacy Policy Complaints Book de Reclama\u00e7\u00f5es OBSERVAT\u00d3RIO [&hellip;]<\/p>\n","protected":false},"author":2,"featured_media":0,"parent":0,"menu_order":0,"comment_status":"closed","ping_status":"closed","template":"","meta":{"_et_pb_use_builder":"on","_et_pb_old_content":"[hide title]\r\n\r\n<a href=\"https:\/\/observatoriopolitico.pt\/wp-content\/uploads\/2018\/01\/bolsas-de-investigacao.png\"><img class=\"alignnone size-full wp-image-16351\" alt=\"bolsas de investiga\u00e7\u00e3o\" src=\"https:\/\/observatoriopolitico.pt\/wp-content\/uploads\/2018\/01\/bolsas-de-investigacao.png\" width=\"1200\" height=\"300\" \/><\/a>\r\n\r\n<a href=\"http:\/\/www.ccla.pt\/\" target=\"_blank\" rel=\"noopener\">Comiss\u00e3o Fulbright<\/a>\r\n<a href=\"http:\/\/www.dges.mctes.pt\/DGES\/pt\/Estudantes\/Bolsas\/\" target=\"_blank\" rel=\"noopener\">DGES - Bolsas de Estudo<\/a>\r\n<a href=\"http:\/\/www.esf.org\/\" target=\"_blank\" rel=\"noopener\">European Science Foundation<\/a>\r\n<a href=\"http:\/\/www.fct.pt\/\" target=\"_blank\" rel=\"noopener\">FCT - Funda\u00e7\u00e3o Ci\u00eancia e Tecnologia<\/a>\r\n<a href=\"http:\/\/www.gulbenkian.pt\/\" target=\"_blank\" rel=\"noopener\">Funda\u00e7\u00e3o Calouste Gulbenkian<\/a>\r\n<a href=\"http:\/\/www.flad.pt\/\" target=\"_blank\" rel=\"noopener\">Funda\u00e7\u00e3o Luso-Americana para o Desenvolvimento<\/a>\r\n<a href=\"http:\/\/www.tinker.org\/\" target=\"_blank\" rel=\"noopener\">Funda\u00e7\u00e3o Tinker<\/a>","_et_gb_content_width":"","footnotes":""},"class_list":["post-342741","page","type-page","status-publish","hentry"],"_links":{"self":[{"href":"https:\/\/observatoriopolitico.pt\/en\/wp-json\/wp\/v2\/pages\/342741","targetHints":{"allow":["GET"]}}],"collection":[{"href":"https:\/\/observatoriopolitico.pt\/en\/wp-json\/wp\/v2\/pages"}],"about":[{"href":"https:\/\/observatoriopolitico.pt\/en\/wp-json\/wp\/v2\/types\/page"}],"author":[{"embeddable":true,"href":"https:\/\/observatoriopolitico.pt\/en\/wp-json\/wp\/v2\/users\/2"}],"replies":[{"embeddable":true,"href":"https:\/\/observatoriopolitico.pt\/en\/wp-json\/wp\/v2\/comments?post=342741"}],"version-history":[{"count":9,"href":"https:\/\/observatoriopolitico.pt\/en\/wp-json\/wp\/v2\/pages\/342741\/revisions"}],"predecessor-version":[{"id":349076,"href":"https:\/\/observatoriopolitico.pt\/en\/wp-json\/wp\/v2\/pages\/342741\/revisions\/349076"}],"wp:attachment":[{"href":"https:\/\/observatoriopolitico.pt\/en\/wp-json\/wp\/v2\/media?parent=342741"}],"curies":[{"name":"wp","href":"https:\/\/api.w.org\/{rel}","templated":true}]}}