{"id":348120,"date":"2024-10-14T17:28:15","date_gmt":"2024-10-14T17:28:15","guid":{"rendered":"https:\/\/observatoriopolitico.pt\/ferramentas-ia\/"},"modified":"2025-02-05T16:28:58","modified_gmt":"2025-02-05T16:28:58","slug":"ai-tools","status":"publish","type":"page","link":"https:\/\/observatoriopolitico.pt\/en\/ai-tools\/","title":{"rendered":"AI Tools"},"content":{"rendered":"<p>[et_pb_section fb_built=&#8221;1&#8243; custom_padding_last_edited=&#8221;on|phone&#8221; admin_label=&#8221;Simple Social Header &#8211; Diana &#8211; Section BG Image 1900&#215;483&#8243; module_class=&#8221;diana_simple_social_header diana_about_four_simple_social_header&#8221; _builder_version=&#8221;4.20.2&#8243; background_enable_color=&#8221;off&#8221; background_enable_image=&#8221;on&#8221; custom_padding=&#8221;100px||0px|120px|false|false&#8221; custom_padding_tablet=&#8221;&#8221; custom_padding_phone=&#8221;50px||80px||false|false&#8221; background_last_edited=&#8221;on|phone&#8221; locked=&#8221;off&#8221; global_colors_info=&#8221;{}&#8221;][et_pb_row admin_label=&#8221;Simple Social Header &#8211; Diana &#8211; Row&#8221; _builder_version=&#8221;4.16&#8243; max_width=&#8221;1175px&#8221; module_alignment=&#8221;center&#8221; custom_padding=&#8221;||0px||false|false&#8221; use_custom_width=&#8221;on&#8221; custom_width_px=&#8221;1175px&#8221; global_colors_info=&#8221;{}&#8221;][et_pb_column type=&#8221;4_4&#8243; _builder_version=&#8221;4.16&#8243; custom_padding=&#8221;|||&#8221; global_colors_info=&#8221;{}&#8221; custom_padding__hover=&#8221;|||&#8221;][et_pb_text admin_label=&#8221;Simple Social Header &#8211; Diana &#8211; Title&#8221; _builder_version=&#8221;4.25.1&#8243; text_font=&#8221;Roboto||||||||&#8221; text_text_color=&#8221;#ffffff&#8221; text_font_size=&#8221;48px&#8221; text_line_height=&#8221;120%&#8221; header_font=&#8221;Lato|||on|||||&#8221; header_text_align=&#8221;left&#8221; header_text_color=&#8221;#ffffff&#8221; header_font_size=&#8221;35px&#8221; header_letter_spacing=&#8221;2px&#8221; custom_margin=&#8221;||90px||false|false&#8221; custom_margin_tablet=&#8221;&#8221; custom_margin_phone=&#8221;||20px||false|false&#8221; custom_margin_last_edited=&#8221;on|phone&#8221; custom_padding=&#8221;||||false|false&#8221; text_font_size_tablet=&#8221;40px&#8221; text_font_size_phone=&#8221;30px&#8221; text_font_size_last_edited=&#8221;on|phone&#8221; global_colors_info=&#8221;{}&#8221;]<\/p>\n<h1>AI Tools<\/h1>\n<p>[\/et_pb_text][\/et_pb_column][\/et_pb_row][\/et_pb_section][et_pb_section fb_built=&#8221;1&#8243; custom_padding_last_edited=&#8221;on|phone&#8221; module_class=&#8221;diana_simple_social_header diana_about_four_simple_social_header&#8221; _builder_version=&#8221;4.25.1&#8243; background_enable_color=&#8221;off&#8221; min_height=&#8221;26px&#8221; custom_padding=&#8221;50px||50px||true|false&#8221; custom_padding_tablet=&#8221;40px||40px&#8221; custom_padding_phone=&#8221;20px||||false|false&#8221; hover_enabled=&#8221;0&#8243; global_colors_info=&#8221;{}&#8221; background_enable_image_phone=&#8221;off&#8221; background_color_phone=&#8221;#FFFFFF&#8221; background_enable_color_phone=&#8221;on&#8221; sticky_enabled=&#8221;0&#8243;][\/et_pb_section][et_pb_section fb_built=&#8221;1&#8243; admin_label=&#8221;Glorious Footer &#8211; Diana&#8221; module_id=&#8221;diana_glorious_footer&#8221; module_class=&#8221;diana_glorious_footer&#8221; _builder_version=&#8221;4.25.1&#8243; background_color=&#8221;#5d87a2&#8243; min_height=&#8221;131px&#8221; custom_margin=&#8221;-4px|||||&#8221; custom_padding=&#8221;0%||0%||true|false&#8221; hover_enabled=&#8221;0&#8243; custom_css_main_element=&#8221;overflow: hidden;&#8221; saved_tabs=&#8221;all&#8221; locked=&#8221;off&#8221; global_colors_info=&#8221;{}&#8221; background_enable_image_phone=&#8221;off&#8221; sticky_enabled=&#8221;0&#8243;][et_pb_row column_structure=&#8221;1_4,1_4,1_4,1_4&#8243; _builder_version=&#8221;4.16&#8243; _module_preset=&#8221;default&#8221; global_colors_info=&#8221;{}&#8221;][et_pb_column type=&#8221;1_4&#8243; _builder_version=&#8221;4.16&#8243; _module_preset=&#8221;default&#8221; global_colors_info=&#8221;{}&#8221;][et_pb_image src=&#8221;https:\/\/observatoriopolitico.pt\/wp-content\/uploads\/2021\/11\/LOGO-OP-vrs-brancopreto.png&#8221; title_text=&#8221;LOGO OP-vrs-branco+preto&#8221; _builder_version=&#8221;4.16&#8243; _module_preset=&#8221;default&#8221; global_colors_info=&#8221;{}&#8221;][\/et_pb_image][\/et_pb_column][et_pb_column type=&#8221;1_4&#8243; _builder_version=&#8221;4.16&#8243; _module_preset=&#8221;default&#8221; global_colors_info=&#8221;{}&#8221;][et_pb_blurb title=&#8221;Contactos&#8221; _builder_version=&#8221;4.20.2&#8243; _module_preset=&#8221;default&#8221; header_font=&#8221;Montserrat|600||on|||||&#8221; header_text_color=&#8221;#15243B&#8221; body_font=&#8221;Lato||||||||&#8221; body_text_align=&#8221;justify&#8221; body_text_color=&#8221;#EFEFEF&#8221; body_link_font=&#8221;Lato||||||||&#8221; body_link_text_color=&#8221;#EFEFEF&#8221; width=&#8221;100%&#8221; global_colors_info=&#8221;{}&#8221; body_link_text_color__hover=&#8221;#FFFFFF&#8221; body_link_text_color__hover_enabled=&#8221;on|desktop&#8221;]<\/p>\n<p>Rua D. Jo\u00e3o de Castro, n\u00ba 32-A<br \/>Ajuda<br \/>1300-193 Lisboa<br \/><a href=\"https:\/\/www.google.com\/maps\/place\/Observat%C3%B3rio+Pol%C3%ADtico\/@38.7044155,-9.1929574,17z\/data=!3m1!4b1!4m6!3m5!1s0xd1ecb4bd954b63d:0xab14eaef185ada7b!8m2!3d38.7044155!4d-9.1903771!16s%2Fg%2F11y3mmtlxh?entry=ttu\" target=\"_blank\" rel=\"noopener\">(google maps)<\/a><br \/>38.7044987, -9.1904574<\/p>\n<p><a href=\"tel:+351213619430\">(+351) 21 363 05 77<\/a><\/p>\n<p><a href=\"mailto:geral@observatoriopolitico.pt\">geral@observatoriopolitico.pt<\/a><\/p>\n<p>[\/et_pb_blurb][\/et_pb_column][et_pb_column type=&#8221;1_4&#8243; _builder_version=&#8221;4.16&#8243; _module_preset=&#8221;default&#8221; global_colors_info=&#8221;{}&#8221;][et_pb_blurb title=&#8221;Projetos&#8221; _builder_version=&#8221;4.20.2&#8243; _module_preset=&#8221;default&#8221; header_font=&#8221;Montserrat|600||on|||||&#8221; header_text_color=&#8221;#15243B&#8221; body_font=&#8221;Lato||||||||&#8221; body_text_align=&#8221;justify&#8221; body_text_color=&#8221;#EFEFEF&#8221; body_link_font=&#8221;Lato||||||||&#8221; body_link_text_color=&#8221;#EFEFEF&#8221; custom_margin=&#8221;||36px|||&#8221; global_colors_info=&#8221;{}&#8221; body_link_text_color__hover_enabled=&#8221;on|desktop&#8221; body_link_text_color__hover=&#8221;#FFFFFF&#8221;]<\/p>\n<p><a href=\"https:\/\/rpcp.pt\/index.php\/rpcp\">Political Observer &#8211; Revista Portuguesa de Ci\u00eancia Pol\u00edtica<\/a><\/p>\n<p><a href=\"http:\/\/www.politipedia.pt\">Politip\u00e9dia<\/a><\/p>\n<p><a href=\"https:\/\/observatoriopolitico.pt\/en\/working-papers\/\">Working Papers<\/a><\/p>\n<p>[\/et_pb_blurb][\/et_pb_column][et_pb_column type=&#8221;1_4&#8243; _builder_version=&#8221;4.16&#8243; _module_preset=&#8221;default&#8221; global_colors_info=&#8221;{}&#8221;][et_pb_blurb title=&#8221;Links&#8221; _builder_version=&#8221;4.20.2&#8243; _module_preset=&#8221;default&#8221; header_font=&#8221;Montserrat|600||on|||||&#8221; header_text_color=&#8221;#15243B&#8221; body_font=&#8221;Lato||||||||&#8221; body_text_align=&#8221;justify&#8221; body_text_color=&#8221;#EFEFEF&#8221; body_link_font=&#8221;Lato||||||||&#8221; body_link_text_color=&#8221;#EFEFEF&#8221; custom_margin=&#8221;||24px|||&#8221; global_colors_info=&#8221;{}&#8221; body_link_text_color__hover=&#8221;#FFFFFF&#8221; body_link_text_color__hover_enabled=&#8221;on|desktop&#8221;]<\/p>\n<p><a href=\"https:\/\/observatoriopolitico.pt\/en\/associe-se\/\">Associe-se!<\/a><\/p>\n<p><a href=\"https:\/\/observatoriopolitico.pt\/en\/estagios-curriculares-e-extracurriculares\/\">Est\u00e1gios@OP<\/a><\/p>\n<p><a href=\"https:\/\/observatoriopolitico.pt\/en\/privacy-policy\/\">Pol\u00edtica de Privacidade<\/a><\/p>\n<p>[\/et_pb_blurb][\/et_pb_column][\/et_pb_row][\/et_pb_section][et_pb_section fb_built=&#8221;1&#8243; admin_label=&#8221;Glorious Footer &#8211; Diana&#8221; module_id=&#8221;diana_glorious_footer&#8221; module_class=&#8221;diana_glorious_footer&#8221; _builder_version=&#8221;4.16&#8243; background_color=&#8221;#EFEFEF&#8221; custom_padding=&#8221;0px||0px&#8221; custom_css_main_element=&#8221;overflow: hidden;&#8221; saved_tabs=&#8221;all&#8221; locked=&#8221;off&#8221; global_colors_info=&#8221;{}&#8221;][et_pb_row column_structure=&#8221;1_3,1_3,1_3&#8243; _builder_version=&#8221;4.16&#8243; max_width=&#8221;1219px&#8221; custom_margin=&#8221;||-100px||false|false&#8221; custom_margin_tablet=&#8221;&#8221; custom_margin_phone=&#8221;&#8221; custom_margin_last_edited=&#8221;on|desktop&#8221; custom_padding=&#8221;15px||10px||false|false&#8221; custom_css_before=&#8221;content: %22%22;||display: block;||width: 500% !important;||height:100%;||background-color: #fff;||position: absolute;||left: -200%;||top:0;&#8221; use_custom_width=&#8221;on&#8221; custom_width_px=&#8221;1175px&#8221; global_colors_info=&#8221;{}&#8221;][et_pb_column type=&#8221;1_3&#8243; _builder_version=&#8221;4.16&#8243; global_colors_info=&#8221;{}&#8221; custom_padding__hover=&#8221;|||&#8221;][et_pb_social_media_follow admin_label=&#8221;Glorious Footer &#8211; Diana &#8211; Social Media Follow&#8221; _builder_version=&#8221;4.25.1&#8243; custom_css_social_icon=&#8221;color: #a6a6a6 !important&#8221; global_colors_info=&#8221;{}&#8221;][et_pb_social_media_follow_network social_network=&#8221;facebook&#8221; url=&#8221;https:\/\/www.facebook.com\/observatoriopolitico&#8221; _builder_version=&#8221;4.16&#8243; background_color=&#8221;rgba(59,89,152,0)&#8221; global_colors_info=&#8221;{}&#8221; follow_button=&#8221;off&#8221; url_new_window=&#8221;on&#8221;]facebook[\/et_pb_social_media_follow_network][et_pb_social_media_follow_network social_network=&#8221;instagram&#8221; url=&#8221;https:\/\/www.instagram.com\/observatorio.politico\/&#8221; _builder_version=&#8221;4.16&#8243; background_color=&#8221;rgba(234,39,85,0)&#8221; global_colors_info=&#8221;{}&#8221; follow_button=&#8221;off&#8221; url_new_window=&#8221;on&#8221;]instagram[\/et_pb_social_media_follow_network][et_pb_social_media_follow_network social_network=&#8221;linkedin&#8221; url=&#8221;https:\/\/pt.linkedin.com\/company\/observatoriopolitico&#8221; _builder_version=&#8221;4.25.1&#8243; _module_preset=&#8221;default&#8221; background_enable_color=&#8221;off&#8221; global_colors_info=&#8221;{}&#8221; follow_button=&#8221;off&#8221; url_new_window=&#8221;on&#8221;]linkedin[\/et_pb_social_media_follow_network][et_pb_social_media_follow_network social_network=&#8221;twitter&#8221; url=&#8221;https:\/\/twitter.com\/ObPolitico&#8221; _builder_version=&#8221;4.16&#8243; background_color=&#8221;rgba(0,172,237,0)&#8221; global_colors_info=&#8221;{}&#8221; follow_button=&#8221;off&#8221; url_new_window=&#8221;on&#8221;]twitter[\/et_pb_social_media_follow_network][et_pb_social_media_follow_network social_network=&#8221;youtube&#8221; url=&#8221;https:\/\/www.youtube.com\/channel\/UCNpjQ5Qgm22dqsuMREg8X6Q&#8221; _builder_version=&#8221;4.16&#8243; _module_preset=&#8221;default&#8221; background_enable_color=&#8221;off&#8221; global_colors_info=&#8221;{}&#8221; follow_button=&#8221;off&#8221; url_new_window=&#8221;on&#8221;]youtube[\/et_pb_social_media_follow_network][\/et_pb_social_media_follow][\/et_pb_column][et_pb_column type=&#8221;1_3&#8243; _builder_version=&#8221;4.16&#8243; global_colors_info=&#8221;{}&#8221; custom_padding__hover=&#8221;|||&#8221;][et_pb_text admin_label=&#8221;Glorious Footer &#8211; Diana &#8211; Menu&#8221; _builder_version=&#8221;4.16&#8243; link_text_color=&#8221;#a6a6a6&#8243; ul_font=&#8221;Roboto||||||||&#8221; ul_text_color=&#8221;#a6a6a6&#8243; ul_font_size=&#8221;16px&#8221; ul_line_height=&#8221;140%&#8221; custom_margin=&#8221;||0px||false|false&#8221; custom_padding=&#8221;||0px||false|false&#8221; custom_css_main_element=&#8221;font-weight: 400 !important&#8221; global_colors_info=&#8221;{}&#8221; link_text_color__hover_enabled=&#8221;on&#8221; link_text_color__hover=&#8221;#a6a6a6&#8243;]<\/p>\n<ul>\n<li>OBSERVAT\u00d3RIO POL\u00cdTICO \u00a92026<\/li>\n<\/ul>\n<p>[\/et_pb_text][\/et_pb_column][et_pb_column type=&#8221;1_3&#8243; _builder_version=&#8221;4.16&#8243; global_colors_info=&#8221;{}&#8221; custom_padding__hover=&#8221;|||&#8221;][\/et_pb_column][\/et_pb_row][\/et_pb_section]<\/p>\n","protected":false},"excerpt":{"rendered":"<p>AI ToolsRua D. Jo\u00e3o de Castro, n\u00ba 32-AAjuda1300-193 Lisboa(google maps)38.7044987, -9.1904574 (+351) 21 363 05 77 geral@observatoriopolitico.ptPolitical Observer &#8211; Revista Portuguesa de Ci\u00eancia Pol\u00edtica Politip\u00e9dia Working PapersAssocie-se! Est\u00e1gios@OP Pol\u00edtica de Privacidade OBSERVAT\u00d3RIO POL\u00cdTICO \u00a92026<\/p>\n","protected":false},"author":6,"featured_media":0,"parent":0,"menu_order":0,"comment_status":"closed","ping_status":"open","template":"","meta":{"_et_pb_use_builder":"on","_et_pb_old_content":"<p style=\"text-align: justify;\">[hide title]<\/p>\r\n<p style=\"text-align: justify;\"><a href=\"https:\/\/observatoriopolitico.pt\/wp-content\/uploads\/2018\/01\/CP-EM-PORTUGAL.png\"><img class=\"alignnone size-full wp-image-16352\" alt=\"CP EM PORTUGAL\" src=\"https:\/\/observatoriopolitico.pt\/wp-content\/uploads\/2018\/01\/CP-EM-PORTUGAL.png\" width=\"1200\" height=\"300\" \/><\/a><\/p>\r\n<p style=\"text-align: justify;\">No decurso do per\u00edodo de candidatura de acesso ao ensino superior, os estudantes interessados na \u00e1rea de Estudos Pol\u00edticos t\u00eam disponibilizada toda a informa\u00e7\u00e3o sobre os cursos de 1\u00ba, 2\u00ba e 3\u00ba ciclos e as institui\u00e7\u00f5es de ensino superior, no site do Observat\u00f3rio Pol\u00edtico.<\/p>\r\n<p style=\"text-align: justify;\">Os estudantes interessados poder\u00e3o aceder a toda a informa\u00e7\u00e3o relativa ao acesso ao ensino superior no\u00a0s\u00edtio da Internet\u00a0da <a title=\"DGES\" href=\"http:\/\/www.dges.mctes.pt\/DGES\/pt\/Estudantes\/Acesso\/\" target=\"_blank\" rel=\"noopener\">Dire\u00e7\u00e3o-Geral do Ensino Superior (DGES)<\/a>.<\/p>\r\n<p style=\"text-align: justify;\">A candidatura \u00e0 1.\u00aa fase do concurso nacional decorre entre meados de julho e a primeira semana de agosto.\r\nA candidatura \u00e0 2.\u00aa fase do concurso nacional decorre entre a primeira e segunda semana de setembro.\r\nA candidatura \u00e0 3.\u00aa fase do concurso nacional decorre na primeira semana de outubro.<\/p>\r\n<p style=\"text-align: center;\"><a href=\"https:\/\/observatoriopolitico.pt\/wp-content\/uploads\/2018\/02\/Licenciaturas.pdf\" target=\"_blank\" rel=\"noopener\">Licenciaturas<\/a>\u00a0 \u00a0 \u00a0 \u00a0 <a href=\"https:\/\/observatoriopolitico.pt\/wp-content\/uploads\/2018\/02\/ListagemMestrados_2018.pdf\" target=\"_blank\" rel=\"noopener\">\u00a0Mestrados<\/a> \u00a0 \u00a0 \u00a0 \u00a0<a href=\"https:\/\/observatoriopolitico.pt\/wp-content\/uploads\/2018\/02\/Doutoramentos-CPRI-2018-Final.pdf\" target=\"_blank\" rel=\"noopener\">Doutoramentos<\/a><\/p>\r\n<p style=\"text-align: center;\"><strong>Institui\u00e7\u00f5es de Ensino Superior<\/strong>\r\n<a href=\"http:\/\/iscte-iul.pt\/departamentos\/274534\/apresentacao.aspx\" target=\"_blank\" rel=\"noopener\">ISCTE - Instituto Universit\u00e1rio de Lisboa<\/a>\r\n<a href=\"http:\/\/autonoma.pt\/pt\/cursos.asp?id=2915&mid=46\" target=\"_blank\" rel=\"noopener\">Universidade Aut\u00f3noma de Lisboa Lu\u00eds de Cam\u00f5es<\/a>\r\n<a title=\"UCP\" href=\"http:\/\/www.iep.lisboa.ucp.pt\" target=\"_blank\" rel=\"noopener\">Universidade Cat\u00f3lica - Instituto de Estudos Pol\u00edticos<\/a>\r\n<a href=\"https:\/\/www.ubi.pt\/Curso.aspx?CodigoCurso=893\" target=\"_blank\" rel=\"noopener\">Universidade da Beira Interior<\/a>\r\n<a href=\"http:\/\/www.uc.pt\/feuc\/licenciaturas\/ri\" target=\"_blank\" rel=\"noopener\">Universidade de Coimbra<\/a>\r\n<a href=\"http:\/\/www.estudar.uevora.pt\/Oferta\/licenciaturas\/curso\/(codigo)\/558\" target=\"_blank\" rel=\"noopener\">Universidade de \u00c9vora<\/a>\r\n<a href=\"http:\/\/www.iscsp.utl.pt\/index.php?option=com_content&view=article&id=64&Itemid=283\" target=\"_blank\" rel=\"noopener\">Universidade de Lisboa - Instituto Superior de Ci\u00eancias Sociais e Pol\u00edticas<\/a>\r\n<a href=\"https:\/\/www.uminho.pt\/PT\/ensino\/oferta-educativa\/_layouts\/15\/UMinho.PortalUM.UI\/Pages\/CatalogoCursoDetail.aspx?itemId=2119&catId=7\" target=\"_blank\" rel=\"noopener\">Universidade do Minho<\/a>\r\n<a href=\"https:\/\/sigarra.up.pt\/flup\/pt\/cur_geral.cur_inicio\" target=\"_blank\" rel=\"noopener\">Universidade do Porto<\/a>\r\n<a href=\"http:\/\/www.uac.pt\/\" target=\"_blank\" rel=\"noopener\">Universidade dos A\u00e7ores<\/a>\r\n<a href=\"http:\/\/fchs.ufp.pt\/\" target=\"_blank\" rel=\"noopener\">Universidade Fernando Pessoa<\/a>\r\n<a href=\"http:\/\/www.lis.ulusiada.pt\/pt-pt\/cursos\/2016-2017.aspx\" target=\"_blank\" rel=\"noopener\">Universidade Lus\u00edada de Lisboa<\/a>\r\n<a href=\"http:\/\/www.ulp.pt\/pt\/ensino\/faculdades-e-institutos\/faculdade-de-ciencia-politica-e-relacoes-internacionais.html\" target=\"_blank\" rel=\"noopener\">Universidade Lus\u00f3fona do Porto<\/a>\r\n<a href=\"http:\/\/www.ulusofona.pt\/fcsea\" target=\"_blank\" rel=\"noopener\">Universidade Lus\u00f3fona<\/a>\r\n<a href=\"http:\/\/www.fcsh.unl.pt\/faculdade\/departamentos\/estudos-politicos\/apresentacao\" target=\"_blank\" rel=\"noopener\">Universidade Nova de Lisboa - Faculdade de Ci\u00eancias Sociais e Humanas<\/a><\/p>\r\n\u00a0","_et_gb_content_width":"","footnotes":""},"class_list":["post-348120","page","type-page","status-publish","hentry"],"_links":{"self":[{"href":"https:\/\/observatoriopolitico.pt\/en\/wp-json\/wp\/v2\/pages\/348120","targetHints":{"allow":["GET"]}}],"collection":[{"href":"https:\/\/observatoriopolitico.pt\/en\/wp-json\/wp\/v2\/pages"}],"about":[{"href":"https:\/\/observatoriopolitico.pt\/en\/wp-json\/wp\/v2\/types\/page"}],"author":[{"embeddable":true,"href":"https:\/\/observatoriopolitico.pt\/en\/wp-json\/wp\/v2\/users\/6"}],"replies":[{"embeddable":true,"href":"https:\/\/observatoriopolitico.pt\/en\/wp-json\/wp\/v2\/comments?post=348120"}],"version-history":[{"count":4,"href":"https:\/\/observatoriopolitico.pt\/en\/wp-json\/wp\/v2\/pages\/348120\/revisions"}],"predecessor-version":[{"id":349070,"href":"https:\/\/observatoriopolitico.pt\/en\/wp-json\/wp\/v2\/pages\/348120\/revisions\/349070"}],"wp:attachment":[{"href":"https:\/\/observatoriopolitico.pt\/en\/wp-json\/wp\/v2\/media?parent=348120"}],"curies":[{"name":"wp","href":"https:\/\/api.w.org\/{rel}","templated":true}]}}